{"id":2426,"date":"2024-05-08T11:33:28","date_gmt":"2024-05-08T10:33:28","guid":{"rendered":"https:\/\/silenthome.com\/produto\/cadeira-osaka-moon\/"},"modified":"2026-04-01T23:06:56","modified_gmt":"2026-04-01T22:06:56","slug":"cadeira-osaka-moon","status":"publish","type":"product","link":"https:\/\/silenthome.com\/es\/producto\/cadeira-osaka-moon\/","title":{"rendered":"Silla Osaka Moon Boucl\u00e9 Beige"},"content":{"rendered":"","protected":false},"excerpt":{"rendered":"<p>La silla Osaka Moon, en tela beige, es una pieza <strong>c\u00f3modo y elegante<\/strong> que complementa a la perfecci\u00f3n su mesa de comedor. Con su estructura de madera negra y su tapizado de tela beige, esta silla ofrece un aspecto sofisticado y acogedor para su comedor. Su dise\u00f1o y reposabrazos proporcionan comodidad durante las comidas largas, mientras que su construcci\u00f3n hace que sea f\u00e1cil sentarse en ella. <strong>robusto<\/strong> garantiza <strong>durabilidad y resistencia<\/strong>. Ya sea para cenas familiares o reuniones con amigos, la silla Osaka Moon es una elecci\u00f3n elegante y pr\u00e1ctica.<\/p>","protected":false},"featured_media":1671,"comment_status":"open","ping_status":"closed","template":"","meta":{"_acf_changed":false},"product_brand":[],"product_cat":[80,61],"product_tag":[],"class_list":{"0":"post-2426","1":"product","2":"type-product","3":"status-publish","4":"has-post-thumbnail","6":"product_cat-cadeiras","7":"product_cat-mobiliario","9":"first","10":"outofstock","11":"taxable","12":"shipping-taxable","13":"purchasable","14":"product-type-simple"},"acf":[],"aioseo_notices":[],"_links":{"self":[{"href":"https:\/\/silenthome.com\/es\/wp-json\/wp\/v2\/product\/2426","targetHints":{"allow":["GET"]}}],"collection":[{"href":"https:\/\/silenthome.com\/es\/wp-json\/wp\/v2\/product"}],"about":[{"href":"https:\/\/silenthome.com\/es\/wp-json\/wp\/v2\/types\/product"}],"replies":[{"embeddable":true,"href":"https:\/\/silenthome.com\/es\/wp-json\/wp\/v2\/comments?post=2426"}],"wp:featuredmedia":[{"embeddable":true,"href":"https:\/\/silenthome.com\/es\/wp-json\/wp\/v2\/media\/1671"}],"wp:attachment":[{"href":"https:\/\/silenthome.com\/es\/wp-json\/wp\/v2\/media?parent=2426"}],"wp:term":[{"taxonomy":"product_brand","embeddable":true,"href":"https:\/\/silenthome.com\/es\/wp-json\/wp\/v2\/product_brand?post=2426"},{"taxonomy":"product_cat","embeddable":true,"href":"https:\/\/silenthome.com\/es\/wp-json\/wp\/v2\/product_cat?post=2426"},{"taxonomy":"product_tag","embeddable":true,"href":"https:\/\/silenthome.com\/es\/wp-json\/wp\/v2\/product_tag?post=2426"}],"curies":[{"name":"wp","href":"https:\/\/api.w.org\/{rel}","templated":true}]}}