{"id":2425,"date":"2024-05-08T11:33:26","date_gmt":"2024-05-08T10:33:26","guid":{"rendered":"https:\/\/silenthome.com\/produto\/mesa-de-jantar-retangular-osaka-flower-240x110cm\/"},"modified":"2026-04-01T23:31:26","modified_gmt":"2026-04-01T22:31:26","slug":"mesa-de-jantar-retangular-osaka-flower-240x110cm","status":"publish","type":"product","link":"https:\/\/silenthome.com\/es\/producto\/mesa-de-jantar-retangular-osaka-flower-240x110cm\/","title":{"rendered":"Mesa de comedor rectangular Osaka Flower 240x110cm"},"content":{"rendered":"","protected":false},"excerpt":{"rendered":"<p>La mesa de comedor rectangular Osaka Flower es una pieza <strong>imponente y elegante<\/strong> que destaca en cualquier ambiente. Esta mesa ofrece un amplio espacio para acomodar c\u00f3modamente a su familia e invitados. Su <strong>dise\u00f1o contempor\u00e1neo y minimalista<\/strong>combinado con <strong>durabilidad<\/strong> madera, hace que sea una elecci\u00f3n <strong>vers\u00e1til<\/strong> para cualquier comedor. Ya sea para comidas informales o para una ocasi\u00f3n m\u00e1s formal, la mesa Osaka Flower es la elecci\u00f3n adecuada para su hogar.<\/p>","protected":false},"featured_media":6315,"comment_status":"open","ping_status":"closed","template":"","meta":{"_acf_changed":false},"product_brand":[],"product_cat":[79,61],"product_tag":[],"class_list":{"0":"post-2425","1":"product","2":"type-product","3":"status-publish","4":"has-post-thumbnail","6":"product_cat-mesas-de-jantar","7":"product_cat-mobiliario","9":"first","10":"instock","11":"taxable","12":"shipping-taxable","13":"purchasable","14":"product-type-simple"},"acf":[],"aioseo_notices":[],"_links":{"self":[{"href":"https:\/\/silenthome.com\/es\/wp-json\/wp\/v2\/product\/2425","targetHints":{"allow":["GET"]}}],"collection":[{"href":"https:\/\/silenthome.com\/es\/wp-json\/wp\/v2\/product"}],"about":[{"href":"https:\/\/silenthome.com\/es\/wp-json\/wp\/v2\/types\/product"}],"replies":[{"embeddable":true,"href":"https:\/\/silenthome.com\/es\/wp-json\/wp\/v2\/comments?post=2425"}],"wp:featuredmedia":[{"embeddable":true,"href":"https:\/\/silenthome.com\/es\/wp-json\/wp\/v2\/media\/6315"}],"wp:attachment":[{"href":"https:\/\/silenthome.com\/es\/wp-json\/wp\/v2\/media?parent=2425"}],"wp:term":[{"taxonomy":"product_brand","embeddable":true,"href":"https:\/\/silenthome.com\/es\/wp-json\/wp\/v2\/product_brand?post=2425"},{"taxonomy":"product_cat","embeddable":true,"href":"https:\/\/silenthome.com\/es\/wp-json\/wp\/v2\/product_cat?post=2425"},{"taxonomy":"product_tag","embeddable":true,"href":"https:\/\/silenthome.com\/es\/wp-json\/wp\/v2\/product_tag?post=2425"}],"curies":[{"name":"wp","href":"https:\/\/api.w.org\/{rel}","templated":true}]}}