{"id":2417,"date":"2024-05-08T11:33:09","date_gmt":"2024-05-08T10:33:09","guid":{"rendered":"https:\/\/silenthome.com\/produto\/mesa-de-apoio-redonda-osaka-living\/"},"modified":"2026-04-01T23:30:34","modified_gmt":"2026-04-01T22:30:34","slug":"mesa-de-apoio-redonda-osaka-living","status":"publish","type":"product","link":"https:\/\/silenthome.com\/es\/producto\/mesa-de-apoio-redonda-osaka-living\/","title":{"rendered":"Osaka Living Mesa de centro redonda"},"content":{"rendered":"","protected":false},"excerpt":{"rendered":"<p>Mesa auxiliar redonda Osaka Living de <strong>madera de wengu\u00e9<\/strong> con acabado en negro, es un complemento <strong>pr\u00e1ctico y elegante<\/strong> para tu sal\u00f3n. Con su <strong>dise\u00f1o vers\u00e1til<\/strong>Puede utilizarse como soporte de objetos decorativos o utilitarios, garantizando <strong>funcionalidad<\/strong> sin sacrificar el estilo.<\/p>","protected":false},"featured_media":6359,"comment_status":"open","ping_status":"closed","template":"","meta":{"_acf_changed":false},"product_brand":[],"product_cat":[62,61],"product_tag":[],"class_list":{"0":"post-2417","1":"product","2":"type-product","3":"status-publish","4":"has-post-thumbnail","6":"product_cat-mesas-de-centro-e-apoio","7":"product_cat-mobiliario","9":"first","10":"instock","11":"taxable","12":"shipping-taxable","13":"purchasable","14":"product-type-simple"},"acf":[],"aioseo_notices":[],"_links":{"self":[{"href":"https:\/\/silenthome.com\/es\/wp-json\/wp\/v2\/product\/2417","targetHints":{"allow":["GET"]}}],"collection":[{"href":"https:\/\/silenthome.com\/es\/wp-json\/wp\/v2\/product"}],"about":[{"href":"https:\/\/silenthome.com\/es\/wp-json\/wp\/v2\/types\/product"}],"replies":[{"embeddable":true,"href":"https:\/\/silenthome.com\/es\/wp-json\/wp\/v2\/comments?post=2417"}],"wp:featuredmedia":[{"embeddable":true,"href":"https:\/\/silenthome.com\/es\/wp-json\/wp\/v2\/media\/6359"}],"wp:attachment":[{"href":"https:\/\/silenthome.com\/es\/wp-json\/wp\/v2\/media?parent=2417"}],"wp:term":[{"taxonomy":"product_brand","embeddable":true,"href":"https:\/\/silenthome.com\/es\/wp-json\/wp\/v2\/product_brand?post=2417"},{"taxonomy":"product_cat","embeddable":true,"href":"https:\/\/silenthome.com\/es\/wp-json\/wp\/v2\/product_cat?post=2417"},{"taxonomy":"product_tag","embeddable":true,"href":"https:\/\/silenthome.com\/es\/wp-json\/wp\/v2\/product_tag?post=2417"}],"curies":[{"name":"wp","href":"https:\/\/api.w.org\/{rel}","templated":true}]}}