{"id":2415,"date":"2024-05-08T11:33:06","date_gmt":"2024-05-08T10:33:06","guid":{"rendered":"https:\/\/silenthome.com\/produto\/mesa-de-apoio-para-revistasosaka-living\/"},"modified":"2026-04-01T23:30:30","modified_gmt":"2026-04-01T22:30:30","slug":"mesa-de-apoio-para-revistasosaka-living","status":"publish","type":"product","link":"https:\/\/silenthome.com\/es\/producto\/mesa-de-apoio-para-revistasosaka-living\/","title":{"rendered":"Revistero Osaka Living"},"content":{"rendered":"","protected":false},"excerpt":{"rendered":"<p>El revistero Osaka Living tiene un<strong> dise\u00f1o sencillo y asim\u00e9trico<\/strong>producido en <strong>madera de wengu\u00e9<\/strong>. Esta mesa ofrece un lugar pr\u00e1ctico para guardar y exponer revistas, libros u otros objetos decorativos. Su dise\u00f1o sencillo y contempor\u00e1neo permite que combine f\u00e1cilmente con una variedad de estilos de decoraci\u00f3n, mientras que su<strong> funcionalidad<\/strong> lo convierte en una pieza <strong>pr\u00e1ctica<\/strong> para mantener la habitaci\u00f3n organizada y acogedora.<\/p>","protected":false},"featured_media":1938,"comment_status":"open","ping_status":"closed","template":"","meta":{"_acf_changed":false},"product_brand":[],"product_cat":[62,61],"product_tag":[],"class_list":{"0":"post-2415","1":"product","2":"type-product","3":"status-publish","4":"has-post-thumbnail","6":"product_cat-mesas-de-centro-e-apoio","7":"product_cat-mobiliario","9":"first","10":"outofstock","11":"taxable","12":"shipping-taxable","13":"purchasable","14":"product-type-simple"},"acf":[],"aioseo_notices":[],"_links":{"self":[{"href":"https:\/\/silenthome.com\/es\/wp-json\/wp\/v2\/product\/2415","targetHints":{"allow":["GET"]}}],"collection":[{"href":"https:\/\/silenthome.com\/es\/wp-json\/wp\/v2\/product"}],"about":[{"href":"https:\/\/silenthome.com\/es\/wp-json\/wp\/v2\/types\/product"}],"replies":[{"embeddable":true,"href":"https:\/\/silenthome.com\/es\/wp-json\/wp\/v2\/comments?post=2415"}],"wp:featuredmedia":[{"embeddable":true,"href":"https:\/\/silenthome.com\/es\/wp-json\/wp\/v2\/media\/1938"}],"wp:attachment":[{"href":"https:\/\/silenthome.com\/es\/wp-json\/wp\/v2\/media?parent=2415"}],"wp:term":[{"taxonomy":"product_brand","embeddable":true,"href":"https:\/\/silenthome.com\/es\/wp-json\/wp\/v2\/product_brand?post=2415"},{"taxonomy":"product_cat","embeddable":true,"href":"https:\/\/silenthome.com\/es\/wp-json\/wp\/v2\/product_cat?post=2415"},{"taxonomy":"product_tag","embeddable":true,"href":"https:\/\/silenthome.com\/es\/wp-json\/wp\/v2\/product_tag?post=2415"}],"curies":[{"name":"wp","href":"https:\/\/api.w.org\/{rel}","templated":true}]}}