{"id":2409,"date":"2024-05-08T11:32:52","date_gmt":"2024-05-08T10:32:52","guid":{"rendered":"https:\/\/silenthome.com\/produto\/podio-em-ceramica-branco\/"},"modified":"2026-04-16T18:22:33","modified_gmt":"2026-04-16T17:22:33","slug":"podio-em-ceramica-branco","status":"publish","type":"product","link":"https:\/\/silenthome.com\/es\/producto\/podio-em-ceramica-branco\/","title":{"rendered":"Podio de cer\u00e1mica blanca"},"content":{"rendered":"","protected":false},"excerpt":{"rendered":"<p>Este podio es la pieza perfecta para exponer objetos decorativos, plantas o esculturas, ya sea en el sal\u00f3n, el despacho o las galer\u00edas. Es una pieza elegante y vers\u00e1til que a\u00f1ade un toque de sofisticaci\u00f3n a cualquier ambiente.<\/p>","protected":false},"featured_media":2281,"comment_status":"open","ping_status":"closed","template":"","meta":{"_acf_changed":false},"product_brand":[],"product_cat":[73,74],"product_tag":[],"class_list":{"0":"post-2409","1":"product","2":"type-product","3":"status-publish","4":"has-post-thumbnail","6":"product_cat-decoracao","7":"product_cat-objectos-decorativos","9":"first","10":"instock","11":"taxable","12":"shipping-taxable","13":"purchasable","14":"product-type-simple"},"acf":[],"aioseo_notices":[],"_links":{"self":[{"href":"https:\/\/silenthome.com\/es\/wp-json\/wp\/v2\/product\/2409","targetHints":{"allow":["GET"]}}],"collection":[{"href":"https:\/\/silenthome.com\/es\/wp-json\/wp\/v2\/product"}],"about":[{"href":"https:\/\/silenthome.com\/es\/wp-json\/wp\/v2\/types\/product"}],"replies":[{"embeddable":true,"href":"https:\/\/silenthome.com\/es\/wp-json\/wp\/v2\/comments?post=2409"}],"wp:featuredmedia":[{"embeddable":true,"href":"https:\/\/silenthome.com\/es\/wp-json\/wp\/v2\/media\/2281"}],"wp:attachment":[{"href":"https:\/\/silenthome.com\/es\/wp-json\/wp\/v2\/media?parent=2409"}],"wp:term":[{"taxonomy":"product_brand","embeddable":true,"href":"https:\/\/silenthome.com\/es\/wp-json\/wp\/v2\/product_brand?post=2409"},{"taxonomy":"product_cat","embeddable":true,"href":"https:\/\/silenthome.com\/es\/wp-json\/wp\/v2\/product_cat?post=2409"},{"taxonomy":"product_tag","embeddable":true,"href":"https:\/\/silenthome.com\/es\/wp-json\/wp\/v2\/product_tag?post=2409"}],"curies":[{"name":"wp","href":"https:\/\/api.w.org\/{rel}","templated":true}]}}