{"id":2408,"date":"2024-05-08T11:32:49","date_gmt":"2024-05-08T10:32:49","guid":{"rendered":"https:\/\/silenthome.com\/produto\/candeeiro-led-estatua-homem-dourado\/"},"modified":"2026-04-01T12:24:17","modified_gmt":"2026-04-01T11:24:17","slug":"candeeiro-led-estatua-homem-dourado","status":"publish","type":"product","link":"https:\/\/silenthome.com\/es\/producto\/candeeiro-led-estatua-homem-dourado\/","title":{"rendered":"L\u00e1mpara LED Golden Man Statue"},"content":{"rendered":"","protected":false},"excerpt":{"rendered":"<p>Esta l\u00e1mpara tiene un acabado dorado met\u00e1lico. Ideal para utilizar como pieza decorativa en diferentes espacios, esta <strong>accesorio funcional<\/strong> e<strong> decorativo<\/strong> crea un <strong>ambiente irreverente<\/strong> e <strong>moderno<\/strong>(Podio no incluido)<\/p>","protected":false},"featured_media":1432,"comment_status":"open","ping_status":"closed","template":"","meta":{"_acf_changed":false},"product_brand":[],"product_cat":[67,66],"product_tag":[],"class_list":{"0":"post-2408","1":"product","2":"type-product","3":"status-publish","4":"has-post-thumbnail","6":"product_cat-candeeiros-de-mesa","7":"product_cat-iluminacao","9":"first","10":"onbackorder","11":"taxable","12":"shipping-taxable","13":"purchasable","14":"product-type-simple"},"acf":[],"aioseo_notices":[],"_links":{"self":[{"href":"https:\/\/silenthome.com\/es\/wp-json\/wp\/v2\/product\/2408","targetHints":{"allow":["GET"]}}],"collection":[{"href":"https:\/\/silenthome.com\/es\/wp-json\/wp\/v2\/product"}],"about":[{"href":"https:\/\/silenthome.com\/es\/wp-json\/wp\/v2\/types\/product"}],"replies":[{"embeddable":true,"href":"https:\/\/silenthome.com\/es\/wp-json\/wp\/v2\/comments?post=2408"}],"wp:featuredmedia":[{"embeddable":true,"href":"https:\/\/silenthome.com\/es\/wp-json\/wp\/v2\/media\/1432"}],"wp:attachment":[{"href":"https:\/\/silenthome.com\/es\/wp-json\/wp\/v2\/media?parent=2408"}],"wp:term":[{"taxonomy":"product_brand","embeddable":true,"href":"https:\/\/silenthome.com\/es\/wp-json\/wp\/v2\/product_brand?post=2408"},{"taxonomy":"product_cat","embeddable":true,"href":"https:\/\/silenthome.com\/es\/wp-json\/wp\/v2\/product_cat?post=2408"},{"taxonomy":"product_tag","embeddable":true,"href":"https:\/\/silenthome.com\/es\/wp-json\/wp\/v2\/product_tag?post=2408"}],"curies":[{"name":"wp","href":"https:\/\/api.w.org\/{rel}","templated":true}]}}