{"id":2404,"date":"2024-05-08T11:32:42","date_gmt":"2024-05-08T10:32:42","guid":{"rendered":"https:\/\/silenthome.com\/produto\/candeeiro-de-pe-trunk-branco\/"},"modified":"2026-04-01T12:23:30","modified_gmt":"2026-04-01T11:23:30","slug":"candeeiro-de-pe-trunk-branco","status":"publish","type":"product","link":"https:\/\/silenthome.com\/es\/producto\/candeeiro-de-pe-trunk-branco\/","title":{"rendered":"L\u00e1mpara de pie Tronco Blanco"},"content":{"rendered":"","protected":false},"excerpt":{"rendered":"<p>La l\u00e1mpara de pie Trunk cuenta con una estructura reforzada que ofrece <strong>durabilidad<\/strong> e <strong>calidad<\/strong>. Con su pantalla blanca, complementada con detalles dorados, esta l\u00e1mpara es ideal para a\u00f1adir iluminaci\u00f3n y un toque de elegancia a su sal\u00f3n, dormitorio u oficina. Adem\u00e1s de proporcionar un ambiente acogedor, esta l\u00e1mpara a\u00f1ade un <strong>elemento decorativo distintivo<\/strong> e <strong>moderno<\/strong>.<\/p>","protected":false},"featured_media":1416,"comment_status":"open","ping_status":"closed","template":"","meta":{"_acf_changed":false},"product_brand":[],"product_cat":[76,66],"product_tag":[],"class_list":{"0":"post-2404","1":"product","2":"type-product","3":"status-publish","4":"has-post-thumbnail","6":"product_cat-candeeiros-de-pe","7":"product_cat-iluminacao","9":"first","10":"outofstock","11":"taxable","12":"shipping-taxable","13":"purchasable","14":"product-type-simple"},"acf":[],"aioseo_notices":[],"_links":{"self":[{"href":"https:\/\/silenthome.com\/es\/wp-json\/wp\/v2\/product\/2404","targetHints":{"allow":["GET"]}}],"collection":[{"href":"https:\/\/silenthome.com\/es\/wp-json\/wp\/v2\/product"}],"about":[{"href":"https:\/\/silenthome.com\/es\/wp-json\/wp\/v2\/types\/product"}],"replies":[{"embeddable":true,"href":"https:\/\/silenthome.com\/es\/wp-json\/wp\/v2\/comments?post=2404"}],"wp:featuredmedia":[{"embeddable":true,"href":"https:\/\/silenthome.com\/es\/wp-json\/wp\/v2\/media\/1416"}],"wp:attachment":[{"href":"https:\/\/silenthome.com\/es\/wp-json\/wp\/v2\/media?parent=2404"}],"wp:term":[{"taxonomy":"product_brand","embeddable":true,"href":"https:\/\/silenthome.com\/es\/wp-json\/wp\/v2\/product_brand?post=2404"},{"taxonomy":"product_cat","embeddable":true,"href":"https:\/\/silenthome.com\/es\/wp-json\/wp\/v2\/product_cat?post=2404"},{"taxonomy":"product_tag","embeddable":true,"href":"https:\/\/silenthome.com\/es\/wp-json\/wp\/v2\/product_tag?post=2404"}],"curies":[{"name":"wp","href":"https:\/\/api.w.org\/{rel}","templated":true}]}}