{"id":2403,"date":"2024-05-08T11:32:39","date_gmt":"2024-05-08T10:32:39","guid":{"rendered":"https:\/\/silenthome.com\/produto\/candeeiro-de-pe-trunk-preto\/"},"modified":"2026-04-14T16:48:11","modified_gmt":"2026-04-14T15:48:11","slug":"candeeiro-de-pe-trunk-preto","status":"publish","type":"product","link":"https:\/\/silenthome.com\/es\/producto\/candeeiro-de-pe-trunk-preto\/","title":{"rendered":"L\u00e1mpara de pie de maletero Negro"},"content":{"rendered":"","protected":false},"excerpt":{"rendered":"<p>La l\u00e1mpara de pie Trunk cuenta con una estructura reforzada que ofrece <strong>durabilidad<\/strong> e <strong>calidad<\/strong>. Con su pantalla negra, complementada con detalles dorados, esta l\u00e1mpara es ideal para a\u00f1adir iluminaci\u00f3n y un <strong>toque de elegancia<\/strong> a su sal\u00f3n, dormitorio u oficina. Adem\u00e1s de proporcionar un ambiente acogedor, esta l\u00e1mpara a\u00f1ade un <strong>elemento<\/strong> <strong>decoraci\u00f3n distintiva<\/strong> e <strong>moderno<\/strong>.<\/p>","protected":false},"featured_media":1411,"comment_status":"open","ping_status":"closed","template":"","meta":{"_acf_changed":false},"product_brand":[],"product_cat":[76,66],"product_tag":[],"class_list":{"0":"post-2403","1":"product","2":"type-product","3":"status-publish","4":"has-post-thumbnail","6":"product_cat-candeeiros-de-pe","7":"product_cat-iluminacao","9":"first","10":"outofstock","11":"taxable","12":"shipping-taxable","13":"purchasable","14":"product-type-simple"},"acf":[],"aioseo_notices":[],"_links":{"self":[{"href":"https:\/\/silenthome.com\/es\/wp-json\/wp\/v2\/product\/2403","targetHints":{"allow":["GET"]}}],"collection":[{"href":"https:\/\/silenthome.com\/es\/wp-json\/wp\/v2\/product"}],"about":[{"href":"https:\/\/silenthome.com\/es\/wp-json\/wp\/v2\/types\/product"}],"replies":[{"embeddable":true,"href":"https:\/\/silenthome.com\/es\/wp-json\/wp\/v2\/comments?post=2403"}],"wp:featuredmedia":[{"embeddable":true,"href":"https:\/\/silenthome.com\/es\/wp-json\/wp\/v2\/media\/1411"}],"wp:attachment":[{"href":"https:\/\/silenthome.com\/es\/wp-json\/wp\/v2\/media?parent=2403"}],"wp:term":[{"taxonomy":"product_brand","embeddable":true,"href":"https:\/\/silenthome.com\/es\/wp-json\/wp\/v2\/product_brand?post=2403"},{"taxonomy":"product_cat","embeddable":true,"href":"https:\/\/silenthome.com\/es\/wp-json\/wp\/v2\/product_cat?post=2403"},{"taxonomy":"product_tag","embeddable":true,"href":"https:\/\/silenthome.com\/es\/wp-json\/wp\/v2\/product_tag?post=2403"}],"curies":[{"name":"wp","href":"https:\/\/api.w.org\/{rel}","templated":true}]}}