{"id":2401,"date":"2024-05-08T11:32:35","date_gmt":"2024-05-08T10:32:35","guid":{"rendered":"https:\/\/silenthome.com\/produto\/caixa-de-lencos-balloon-dourado\/"},"modified":"2026-04-16T15:52:26","modified_gmt":"2026-04-16T14:52:26","slug":"caixa-de-lencos-balloon-dourado","status":"publish","type":"product","link":"https:\/\/silenthome.com\/es\/producto\/caixa-de-lencos-balloon-dourado\/","title":{"rendered":"Globo Caja de pa\u00f1uelos dorada"},"content":{"rendered":"","protected":false},"excerpt":{"rendered":"<p>Esta caja no s\u00f3lo es funcional, sino tambi\u00e9n un elemento decorativo, <strong>ideal para tu mesa de centro o de trabajo.<\/strong> Con su <strong>dise\u00f1o exclusivo<\/strong> En forma de globo, esta pieza es perfecta para a\u00f1adir sofisticaci\u00f3n a su hogar.<\/p>","protected":false},"featured_media":1486,"comment_status":"open","ping_status":"closed","template":"","meta":{"_acf_changed":false},"product_brand":[],"product_cat":[75,73],"product_tag":[],"class_list":{"0":"post-2401","1":"product","2":"type-product","3":"status-publish","4":"has-post-thumbnail","6":"product_cat-caixas-decorativas","7":"product_cat-decoracao","9":"first","10":"instock","11":"taxable","12":"shipping-taxable","13":"purchasable","14":"product-type-simple"},"acf":[],"aioseo_notices":[],"_links":{"self":[{"href":"https:\/\/silenthome.com\/es\/wp-json\/wp\/v2\/product\/2401","targetHints":{"allow":["GET"]}}],"collection":[{"href":"https:\/\/silenthome.com\/es\/wp-json\/wp\/v2\/product"}],"about":[{"href":"https:\/\/silenthome.com\/es\/wp-json\/wp\/v2\/types\/product"}],"replies":[{"embeddable":true,"href":"https:\/\/silenthome.com\/es\/wp-json\/wp\/v2\/comments?post=2401"}],"wp:featuredmedia":[{"embeddable":true,"href":"https:\/\/silenthome.com\/es\/wp-json\/wp\/v2\/media\/1486"}],"wp:attachment":[{"href":"https:\/\/silenthome.com\/es\/wp-json\/wp\/v2\/media?parent=2401"}],"wp:term":[{"taxonomy":"product_brand","embeddable":true,"href":"https:\/\/silenthome.com\/es\/wp-json\/wp\/v2\/product_brand?post=2401"},{"taxonomy":"product_cat","embeddable":true,"href":"https:\/\/silenthome.com\/es\/wp-json\/wp\/v2\/product_cat?post=2401"},{"taxonomy":"product_tag","embeddable":true,"href":"https:\/\/silenthome.com\/es\/wp-json\/wp\/v2\/product_tag?post=2401"}],"curies":[{"name":"wp","href":"https:\/\/api.w.org\/{rel}","templated":true}]}}