{"id":2399,"date":"2024-05-08T11:32:27","date_gmt":"2024-05-08T10:32:27","guid":{"rendered":"https:\/\/silenthome.com\/produto\/almofada-decorativa-com-franja-em-verde-kaki\/"},"modified":"2025-05-26T12:13:04","modified_gmt":"2025-05-26T11:13:04","slug":"almofada-decorativa-com-franja-em-verde-kaki","status":"publish","type":"product","link":"https:\/\/silenthome.com\/es\/producto\/almofada-decorativa-com-franja-em-verde-kaki\/","title":{"rendered":"Coj\u00edn decorativo con flecos en verde caqui"},"content":{"rendered":"","protected":false},"excerpt":{"rendered":"<p>Este coj\u00edn decorativo, en verde caqui, presenta detalles distintivos y un fleco, que a\u00f1ade textura e inter\u00e9s visual a su sof\u00e1, silla o cama. <strong>Fabricado con materiales de calidad, este coj\u00edn no s\u00f3lo ofrece estilo, sino tambi\u00e9n comodidad para relajarse despu\u00e9s de un largo d\u00eda.<\/strong><\/p>","protected":false},"featured_media":2270,"comment_status":"open","ping_status":"closed","template":"","meta":{"_acf_changed":false},"product_brand":[],"product_cat":[72,64],"product_tag":[],"class_list":{"0":"post-2399","1":"product","2":"type-product","3":"status-publish","4":"has-post-thumbnail","6":"product_cat-almofadas","7":"product_cat-texteis","9":"first","10":"instock","11":"taxable","12":"shipping-taxable","13":"purchasable","14":"product-type-simple"},"acf":[],"aioseo_notices":[],"_links":{"self":[{"href":"https:\/\/silenthome.com\/es\/wp-json\/wp\/v2\/product\/2399","targetHints":{"allow":["GET"]}}],"collection":[{"href":"https:\/\/silenthome.com\/es\/wp-json\/wp\/v2\/product"}],"about":[{"href":"https:\/\/silenthome.com\/es\/wp-json\/wp\/v2\/types\/product"}],"replies":[{"embeddable":true,"href":"https:\/\/silenthome.com\/es\/wp-json\/wp\/v2\/comments?post=2399"}],"wp:featuredmedia":[{"embeddable":true,"href":"https:\/\/silenthome.com\/es\/wp-json\/wp\/v2\/media\/2270"}],"wp:attachment":[{"href":"https:\/\/silenthome.com\/es\/wp-json\/wp\/v2\/media?parent=2399"}],"wp:term":[{"taxonomy":"product_brand","embeddable":true,"href":"https:\/\/silenthome.com\/es\/wp-json\/wp\/v2\/product_brand?post=2399"},{"taxonomy":"product_cat","embeddable":true,"href":"https:\/\/silenthome.com\/es\/wp-json\/wp\/v2\/product_cat?post=2399"},{"taxonomy":"product_tag","embeddable":true,"href":"https:\/\/silenthome.com\/es\/wp-json\/wp\/v2\/product_tag?post=2399"}],"curies":[{"name":"wp","href":"https:\/\/api.w.org\/{rel}","templated":true}]}}