{"id":2395,"date":"2024-05-08T11:32:19","date_gmt":"2024-05-08T10:32:19","guid":{"rendered":"https:\/\/silenthome.com\/produto\/almofada-decorativa-com-arcos\/"},"modified":"2026-02-10T12:53:47","modified_gmt":"2026-02-10T12:53:47","slug":"almofada-decorativa-com-arcos","status":"publish","type":"product","link":"https:\/\/silenthome.com\/es\/producto\/almofada-decorativa-com-arcos\/","title":{"rendered":"Coj\u00edn decorativo con lazos"},"content":{"rendered":"","protected":false},"excerpt":{"rendered":"<p>Este coj\u00edn decorativo presenta un dise\u00f1o \u00fanico con lazos, disponible en la cl\u00e1sica combinaci\u00f3n de blanco y negro. Fabricado en ante, aporta no solo un toque de elegancia, sino tambi\u00e9n comodidad a su espacio. <strong>Si busca un elemento contempor\u00e1neo y sofisticado, este coj\u00edn es la elecci\u00f3n ideal.<\/strong><\/p>","protected":false},"featured_media":2258,"comment_status":"open","ping_status":"closed","template":"","meta":{"_acf_changed":false},"product_brand":[],"product_cat":[72,64],"product_tag":[],"class_list":{"0":"post-2395","1":"product","2":"type-product","3":"status-publish","4":"has-post-thumbnail","6":"product_cat-almofadas","7":"product_cat-texteis","9":"first","10":"instock","11":"taxable","12":"shipping-taxable","13":"purchasable","14":"product-type-simple"},"acf":[],"aioseo_notices":[],"_links":{"self":[{"href":"https:\/\/silenthome.com\/es\/wp-json\/wp\/v2\/product\/2395","targetHints":{"allow":["GET"]}}],"collection":[{"href":"https:\/\/silenthome.com\/es\/wp-json\/wp\/v2\/product"}],"about":[{"href":"https:\/\/silenthome.com\/es\/wp-json\/wp\/v2\/types\/product"}],"replies":[{"embeddable":true,"href":"https:\/\/silenthome.com\/es\/wp-json\/wp\/v2\/comments?post=2395"}],"wp:featuredmedia":[{"embeddable":true,"href":"https:\/\/silenthome.com\/es\/wp-json\/wp\/v2\/media\/2258"}],"wp:attachment":[{"href":"https:\/\/silenthome.com\/es\/wp-json\/wp\/v2\/media?parent=2395"}],"wp:term":[{"taxonomy":"product_brand","embeddable":true,"href":"https:\/\/silenthome.com\/es\/wp-json\/wp\/v2\/product_brand?post=2395"},{"taxonomy":"product_cat","embeddable":true,"href":"https:\/\/silenthome.com\/es\/wp-json\/wp\/v2\/product_cat?post=2395"},{"taxonomy":"product_tag","embeddable":true,"href":"https:\/\/silenthome.com\/es\/wp-json\/wp\/v2\/product_tag?post=2395"}],"curies":[{"name":"wp","href":"https:\/\/api.w.org\/{rel}","templated":true}]}}