{"id":2390,"date":"2024-05-08T11:32:09","date_gmt":"2024-05-08T10:32:09","guid":{"rendered":"https:\/\/silenthome.com\/produto\/almofada-influencer-chain-amarela\/"},"modified":"2025-11-07T20:53:47","modified_gmt":"2025-11-07T20:53:47","slug":"almofada-influencer-chain-amarela","status":"publish","type":"product","link":"https:\/\/silenthome.com\/es\/producto\/almofada-influencer-chain-amarela\/","title":{"rendered":"Coj\u00edn Cadena Amarillo Influencer"},"content":{"rendered":"","protected":false},"excerpt":{"rendered":"<p>El coj\u00edn decorativo Influencer Chain en amarillo tiene un dise\u00f1o irreverente, ideal para un sal\u00f3n moderno. <strong>Fabricado con materiales de alta calidad, es la elecci\u00f3n perfecta para a\u00f1adir una pieza de acento a la decoraci\u00f3n de su hogar.<\/strong><\/p>","protected":false},"featured_media":2248,"comment_status":"open","ping_status":"closed","template":"","meta":{"_acf_changed":false},"product_brand":[],"product_cat":[72,64],"product_tag":[],"class_list":{"0":"post-2390","1":"product","2":"type-product","3":"status-publish","4":"has-post-thumbnail","6":"product_cat-almofadas","7":"product_cat-texteis","9":"first","10":"instock","11":"taxable","12":"shipping-taxable","13":"purchasable","14":"product-type-simple"},"acf":[],"aioseo_notices":[],"_links":{"self":[{"href":"https:\/\/silenthome.com\/es\/wp-json\/wp\/v2\/product\/2390","targetHints":{"allow":["GET"]}}],"collection":[{"href":"https:\/\/silenthome.com\/es\/wp-json\/wp\/v2\/product"}],"about":[{"href":"https:\/\/silenthome.com\/es\/wp-json\/wp\/v2\/types\/product"}],"replies":[{"embeddable":true,"href":"https:\/\/silenthome.com\/es\/wp-json\/wp\/v2\/comments?post=2390"}],"wp:featuredmedia":[{"embeddable":true,"href":"https:\/\/silenthome.com\/es\/wp-json\/wp\/v2\/media\/2248"}],"wp:attachment":[{"href":"https:\/\/silenthome.com\/es\/wp-json\/wp\/v2\/media?parent=2390"}],"wp:term":[{"taxonomy":"product_brand","embeddable":true,"href":"https:\/\/silenthome.com\/es\/wp-json\/wp\/v2\/product_brand?post=2390"},{"taxonomy":"product_cat","embeddable":true,"href":"https:\/\/silenthome.com\/es\/wp-json\/wp\/v2\/product_cat?post=2390"},{"taxonomy":"product_tag","embeddable":true,"href":"https:\/\/silenthome.com\/es\/wp-json\/wp\/v2\/product_tag?post=2390"}],"curies":[{"name":"wp","href":"https:\/\/api.w.org\/{rel}","templated":true}]}}