{"id":2379,"date":"2024-05-08T11:31:45","date_gmt":"2024-05-08T10:31:45","guid":{"rendered":"https:\/\/silenthome.com\/produto\/almofada-influencer-vermelha-grand\/"},"modified":"2025-06-28T15:36:31","modified_gmt":"2025-06-28T14:36:31","slug":"almofada-influencer-vermelha-grand","status":"publish","type":"product","link":"https:\/\/silenthome.com\/es\/producto\/almofada-influencer-vermelha-grand\/","title":{"rendered":"Influencer Coj\u00edn rojo Grand"},"content":{"rendered":"","protected":false},"excerpt":{"rendered":"<p>Los cojines decorativos son sin duda las piezas ideales para transformar r\u00e1pida y eficazmente el aspecto de una habitaci\u00f3n. Este coj\u00edn entretejido influencer, de color rojo y medidas 43x40cm, te dar\u00e1 una sensaci\u00f3n de intimidad con un incre\u00edble toque de alta calidad. <strong>Excelente para decorar el sof\u00e1 o utilizarlo para una siesta refrescante.<\/strong><\/p>","protected":false},"featured_media":2216,"comment_status":"open","ping_status":"closed","template":"","meta":{"_acf_changed":false},"product_brand":[],"product_cat":[72,64],"product_tag":[],"class_list":{"0":"post-2379","1":"product","2":"type-product","3":"status-publish","4":"has-post-thumbnail","6":"product_cat-almofadas","7":"product_cat-texteis","9":"first","10":"instock","11":"taxable","12":"shipping-taxable","13":"purchasable","14":"product-type-simple"},"acf":[],"aioseo_notices":[],"_links":{"self":[{"href":"https:\/\/silenthome.com\/es\/wp-json\/wp\/v2\/product\/2379","targetHints":{"allow":["GET"]}}],"collection":[{"href":"https:\/\/silenthome.com\/es\/wp-json\/wp\/v2\/product"}],"about":[{"href":"https:\/\/silenthome.com\/es\/wp-json\/wp\/v2\/types\/product"}],"replies":[{"embeddable":true,"href":"https:\/\/silenthome.com\/es\/wp-json\/wp\/v2\/comments?post=2379"}],"wp:featuredmedia":[{"embeddable":true,"href":"https:\/\/silenthome.com\/es\/wp-json\/wp\/v2\/media\/2216"}],"wp:attachment":[{"href":"https:\/\/silenthome.com\/es\/wp-json\/wp\/v2\/media?parent=2379"}],"wp:term":[{"taxonomy":"product_brand","embeddable":true,"href":"https:\/\/silenthome.com\/es\/wp-json\/wp\/v2\/product_brand?post=2379"},{"taxonomy":"product_cat","embeddable":true,"href":"https:\/\/silenthome.com\/es\/wp-json\/wp\/v2\/product_cat?post=2379"},{"taxonomy":"product_tag","embeddable":true,"href":"https:\/\/silenthome.com\/es\/wp-json\/wp\/v2\/product_tag?post=2379"}],"curies":[{"name":"wp","href":"https:\/\/api.w.org\/{rel}","templated":true}]}}