{"id":2365,"date":"2024-05-08T11:31:15","date_gmt":"2024-05-08T10:31:15","guid":{"rendered":"https:\/\/silenthome.com\/produto\/almofada-influencer-verde-petite\/"},"modified":"2025-07-21T16:38:38","modified_gmt":"2025-07-21T15:38:38","slug":"almofada-influencer-verde-petite","status":"publish","type":"product","link":"https:\/\/silenthome.com\/es\/producto\/almofada-influencer-verde-petite\/","title":{"rendered":"Coj\u00edn Influencer Verde Petite"},"content":{"rendered":"","protected":false},"excerpt":{"rendered":"<p>Los cojines decorativos son sin duda las piezas ideales para transformar r\u00e1pida y eficazmente el aspecto de una habitaci\u00f3n. Este coj\u00edn entretejido influencer, de color verde y tama\u00f1o 36x32cm, proporcionar\u00e1 una sensaci\u00f3n de intimidad con un incre\u00edble toque de alta calidad. <strong>Excelente para decorar el sof\u00e1 o utilizarlo para una siesta refrescante.<\/strong><\/p>","protected":false},"featured_media":2198,"comment_status":"open","ping_status":"closed","template":"","meta":{"_acf_changed":false},"product_brand":[],"product_cat":[72,64],"product_tag":[],"class_list":{"0":"post-2365","1":"product","2":"type-product","3":"status-publish","4":"has-post-thumbnail","6":"product_cat-almofadas","7":"product_cat-texteis","9":"first","10":"instock","11":"taxable","12":"shipping-taxable","13":"purchasable","14":"product-type-simple"},"acf":[],"aioseo_notices":[],"_links":{"self":[{"href":"https:\/\/silenthome.com\/es\/wp-json\/wp\/v2\/product\/2365","targetHints":{"allow":["GET"]}}],"collection":[{"href":"https:\/\/silenthome.com\/es\/wp-json\/wp\/v2\/product"}],"about":[{"href":"https:\/\/silenthome.com\/es\/wp-json\/wp\/v2\/types\/product"}],"replies":[{"embeddable":true,"href":"https:\/\/silenthome.com\/es\/wp-json\/wp\/v2\/comments?post=2365"}],"wp:featuredmedia":[{"embeddable":true,"href":"https:\/\/silenthome.com\/es\/wp-json\/wp\/v2\/media\/2198"}],"wp:attachment":[{"href":"https:\/\/silenthome.com\/es\/wp-json\/wp\/v2\/media?parent=2365"}],"wp:term":[{"taxonomy":"product_brand","embeddable":true,"href":"https:\/\/silenthome.com\/es\/wp-json\/wp\/v2\/product_brand?post=2365"},{"taxonomy":"product_cat","embeddable":true,"href":"https:\/\/silenthome.com\/es\/wp-json\/wp\/v2\/product_cat?post=2365"},{"taxonomy":"product_tag","embeddable":true,"href":"https:\/\/silenthome.com\/es\/wp-json\/wp\/v2\/product_tag?post=2365"}],"curies":[{"name":"wp","href":"https:\/\/api.w.org\/{rel}","templated":true}]}}