{"id":2360,"date":"2024-05-08T11:31:08","date_gmt":"2024-05-08T10:31:08","guid":{"rendered":"https:\/\/silenthome.com\/produto\/quadro-abstrato-boccoli-60x50cm\/"},"modified":"2026-04-01T11:24:41","modified_gmt":"2026-04-01T10:24:41","slug":"quadro-abstrato-boccoli-60x50cm","status":"publish","type":"product","link":"https:\/\/silenthome.com\/es\/producto\/quadro-abstrato-boccoli-60x50cm\/","title":{"rendered":"Marco Boccoli Abstracto 60x50cm"},"content":{"rendered":"","protected":false},"excerpt":{"rendered":"<p>Este cuadro de 60\u00d750 cm destaca por su paleta de colores en plata, azul y negro. Realizado en \u00f3leo sobre lienzo, este cuadro se adapta a la decoraci\u00f3n de cualquier estancia de su hogar. Transmite un <strong>sensaci\u00f3n de serenidad<\/strong> e <strong>misterio<\/strong>captar la atenci\u00f3n del espectador con su<strong> matices cautivadores<\/strong>.<\/p>","protected":false},"featured_media":1371,"comment_status":"open","ping_status":"closed","template":"","meta":{"_acf_changed":false},"product_brand":[],"product_cat":[71],"product_tag":[],"class_list":{"0":"post-2360","1":"product","2":"type-product","3":"status-publish","4":"has-post-thumbnail","6":"product_cat-arte","8":"first","9":"instock","10":"taxable","11":"shipping-taxable","12":"purchasable","13":"product-type-simple"},"acf":[],"aioseo_notices":[],"_links":{"self":[{"href":"https:\/\/silenthome.com\/es\/wp-json\/wp\/v2\/product\/2360","targetHints":{"allow":["GET"]}}],"collection":[{"href":"https:\/\/silenthome.com\/es\/wp-json\/wp\/v2\/product"}],"about":[{"href":"https:\/\/silenthome.com\/es\/wp-json\/wp\/v2\/types\/product"}],"replies":[{"embeddable":true,"href":"https:\/\/silenthome.com\/es\/wp-json\/wp\/v2\/comments?post=2360"}],"wp:featuredmedia":[{"embeddable":true,"href":"https:\/\/silenthome.com\/es\/wp-json\/wp\/v2\/media\/1371"}],"wp:attachment":[{"href":"https:\/\/silenthome.com\/es\/wp-json\/wp\/v2\/media?parent=2360"}],"wp:term":[{"taxonomy":"product_brand","embeddable":true,"href":"https:\/\/silenthome.com\/es\/wp-json\/wp\/v2\/product_brand?post=2360"},{"taxonomy":"product_cat","embeddable":true,"href":"https:\/\/silenthome.com\/es\/wp-json\/wp\/v2\/product_cat?post=2360"},{"taxonomy":"product_tag","embeddable":true,"href":"https:\/\/silenthome.com\/es\/wp-json\/wp\/v2\/product_tag?post=2360"}],"curies":[{"name":"wp","href":"https:\/\/api.w.org\/{rel}","templated":true}]}}