{"id":2359,"date":"2024-05-08T11:31:05","date_gmt":"2024-05-08T10:31:05","guid":{"rendered":"https:\/\/silenthome.com\/produto\/quadro-abstrato-blasi-60x50cm\/"},"modified":"2026-04-01T11:24:40","modified_gmt":"2026-04-01T10:24:40","slug":"quadro-abstrato-blasi-60x50cm","status":"publish","type":"product","link":"https:\/\/silenthome.com\/es\/producto\/quadro-abstrato-blasi-60x50cm\/","title":{"rendered":"Marco Blasi Abstracto 60x50c"},"content":{"rendered":"","protected":false},"excerpt":{"rendered":"<p>Este cuadro de 60\u00d750 cm presenta una elegante combinaci\u00f3n de plata y negro. Realizada en \u00f3leo sobre lienzo, esta obra ofrece una <strong>ambiente sofisticado<\/strong> e <strong>contempor\u00e1neo<\/strong>a\u00f1adiendo <strong>profundidad<\/strong> e <strong>inter\u00e9s visual<\/strong> al espacio.<\/p>","protected":false},"featured_media":1368,"comment_status":"open","ping_status":"closed","template":"","meta":{"_acf_changed":false},"product_brand":[],"product_cat":[71],"product_tag":[],"class_list":{"0":"post-2359","1":"product","2":"type-product","3":"status-publish","4":"has-post-thumbnail","6":"product_cat-arte","8":"first","9":"instock","10":"taxable","11":"shipping-taxable","12":"purchasable","13":"product-type-simple"},"acf":[],"aioseo_notices":[],"_links":{"self":[{"href":"https:\/\/silenthome.com\/es\/wp-json\/wp\/v2\/product\/2359","targetHints":{"allow":["GET"]}}],"collection":[{"href":"https:\/\/silenthome.com\/es\/wp-json\/wp\/v2\/product"}],"about":[{"href":"https:\/\/silenthome.com\/es\/wp-json\/wp\/v2\/types\/product"}],"replies":[{"embeddable":true,"href":"https:\/\/silenthome.com\/es\/wp-json\/wp\/v2\/comments?post=2359"}],"wp:featuredmedia":[{"embeddable":true,"href":"https:\/\/silenthome.com\/es\/wp-json\/wp\/v2\/media\/1368"}],"wp:attachment":[{"href":"https:\/\/silenthome.com\/es\/wp-json\/wp\/v2\/media?parent=2359"}],"wp:term":[{"taxonomy":"product_brand","embeddable":true,"href":"https:\/\/silenthome.com\/es\/wp-json\/wp\/v2\/product_brand?post=2359"},{"taxonomy":"product_cat","embeddable":true,"href":"https:\/\/silenthome.com\/es\/wp-json\/wp\/v2\/product_cat?post=2359"},{"taxonomy":"product_tag","embeddable":true,"href":"https:\/\/silenthome.com\/es\/wp-json\/wp\/v2\/product_tag?post=2359"}],"curies":[{"name":"wp","href":"https:\/\/api.w.org\/{rel}","templated":true}]}}