{"id":2358,"date":"2024-05-08T11:31:03","date_gmt":"2024-05-08T10:31:03","guid":{"rendered":"https:\/\/silenthome.com\/produto\/quadro-abstrato-sforza-60x50cm\/"},"modified":"2026-04-01T11:24:38","modified_gmt":"2026-04-01T10:24:38","slug":"quadro-abstrato-sforza-60x50cm","status":"publish","type":"product","link":"https:\/\/silenthome.com\/es\/producto\/quadro-abstrato-sforza-60x50cm\/","title":{"rendered":"Marco Sforza Abstracto 60x50cm"},"content":{"rendered":"","protected":false},"excerpt":{"rendered":"<p>Este cuadro de 60\u00d750 cm presenta una combinaci\u00f3n de plata y negro, con un <strong>dise\u00f1o abstracto<\/strong> e <strong>sugerente<\/strong>. Realizada en \u00f3leo sobre lienzo, esta obra ofrece un <strong>atm\u00f3sfera distintiva<\/strong> e <strong>moderno<\/strong>adapt\u00e1ndose a cualquier espacio con un <strong>dise\u00f1o minimalista.<\/strong><\/p>","protected":false},"featured_media":9023,"comment_status":"open","ping_status":"closed","template":"","meta":{"_acf_changed":false},"product_brand":[],"product_cat":[71],"product_tag":[],"class_list":{"0":"post-2358","1":"product","2":"type-product","3":"status-publish","4":"has-post-thumbnail","6":"product_cat-arte","8":"first","9":"instock","10":"taxable","11":"shipping-taxable","12":"purchasable","13":"product-type-simple"},"acf":[],"aioseo_notices":[],"_links":{"self":[{"href":"https:\/\/silenthome.com\/es\/wp-json\/wp\/v2\/product\/2358","targetHints":{"allow":["GET"]}}],"collection":[{"href":"https:\/\/silenthome.com\/es\/wp-json\/wp\/v2\/product"}],"about":[{"href":"https:\/\/silenthome.com\/es\/wp-json\/wp\/v2\/types\/product"}],"replies":[{"embeddable":true,"href":"https:\/\/silenthome.com\/es\/wp-json\/wp\/v2\/comments?post=2358"}],"wp:featuredmedia":[{"embeddable":true,"href":"https:\/\/silenthome.com\/es\/wp-json\/wp\/v2\/media\/9023"}],"wp:attachment":[{"href":"https:\/\/silenthome.com\/es\/wp-json\/wp\/v2\/media?parent=2358"}],"wp:term":[{"taxonomy":"product_brand","embeddable":true,"href":"https:\/\/silenthome.com\/es\/wp-json\/wp\/v2\/product_brand?post=2358"},{"taxonomy":"product_cat","embeddable":true,"href":"https:\/\/silenthome.com\/es\/wp-json\/wp\/v2\/product_cat?post=2358"},{"taxonomy":"product_tag","embeddable":true,"href":"https:\/\/silenthome.com\/es\/wp-json\/wp\/v2\/product_tag?post=2358"}],"curies":[{"name":"wp","href":"https:\/\/api.w.org\/{rel}","templated":true}]}}