{"id":2357,"date":"2024-05-08T11:31:01","date_gmt":"2024-05-08T10:31:01","guid":{"rendered":"https:\/\/silenthome.com\/produto\/quadro-decorativo-passion-100x100cm\/"},"modified":"2026-04-01T11:23:36","modified_gmt":"2026-04-01T10:23:36","slug":"quadro-decorativo-passion-100x100cm","status":"publish","type":"product","link":"https:\/\/silenthome.com\/es\/producto\/quadro-decorativo-passion-100x100cm\/","title":{"rendered":"Marco decorativo Passion 100x100cm"},"content":{"rendered":"","protected":false},"excerpt":{"rendered":"<p>Este cuadro de 100\u00d7100 cm destaca por su combinaci\u00f3n de dorado y negro. El c\u00edrculo dorado, dividido en 6 partes con diferentes im\u00e1genes, conforma el dise\u00f1o de la obra. Perfecto para el comedor o el recibidor, este cuadro decorativo es una perfecta <strong>imponente obra de arte<\/strong> e <strong>expresivo<\/strong>a\u00f1adiendo un <strong>elemento de drama<\/strong> e <strong>sofisticaci\u00f3n<\/strong> al entorno en el que se muestra.<\/p>","protected":false},"featured_media":1362,"comment_status":"open","ping_status":"closed","template":"","meta":{"_acf_changed":false},"product_brand":[],"product_cat":[71],"product_tag":[],"class_list":{"0":"post-2357","1":"product","2":"type-product","3":"status-publish","4":"has-post-thumbnail","6":"product_cat-arte","8":"first","9":"instock","10":"taxable","11":"shipping-taxable","12":"purchasable","13":"product-type-simple"},"acf":[],"aioseo_notices":[],"_links":{"self":[{"href":"https:\/\/silenthome.com\/es\/wp-json\/wp\/v2\/product\/2357","targetHints":{"allow":["GET"]}}],"collection":[{"href":"https:\/\/silenthome.com\/es\/wp-json\/wp\/v2\/product"}],"about":[{"href":"https:\/\/silenthome.com\/es\/wp-json\/wp\/v2\/types\/product"}],"replies":[{"embeddable":true,"href":"https:\/\/silenthome.com\/es\/wp-json\/wp\/v2\/comments?post=2357"}],"wp:featuredmedia":[{"embeddable":true,"href":"https:\/\/silenthome.com\/es\/wp-json\/wp\/v2\/media\/1362"}],"wp:attachment":[{"href":"https:\/\/silenthome.com\/es\/wp-json\/wp\/v2\/media?parent=2357"}],"wp:term":[{"taxonomy":"product_brand","embeddable":true,"href":"https:\/\/silenthome.com\/es\/wp-json\/wp\/v2\/product_brand?post=2357"},{"taxonomy":"product_cat","embeddable":true,"href":"https:\/\/silenthome.com\/es\/wp-json\/wp\/v2\/product_cat?post=2357"},{"taxonomy":"product_tag","embeddable":true,"href":"https:\/\/silenthome.com\/es\/wp-json\/wp\/v2\/product_tag?post=2357"}],"curies":[{"name":"wp","href":"https:\/\/api.w.org\/{rel}","templated":true}]}}