{"id":2348,"date":"2024-05-08T11:30:47","date_gmt":"2024-05-08T10:30:47","guid":{"rendered":"https:\/\/silenthome.com\/produto\/quadro-decorativo-retro-80x80cm\/"},"modified":"2026-04-01T11:20:50","modified_gmt":"2026-04-01T10:20:50","slug":"quadro-decorativo-retro-80x80cm","status":"publish","type":"product","link":"https:\/\/silenthome.com\/es\/producto\/quadro-decorativo-retro-80x80cm\/","title":{"rendered":"Marco Decorativo Retro 80x80cm"},"content":{"rendered":"","protected":false},"excerpt":{"rendered":"<p>Este marco decorativo es una elegante pieza de 80\u00d780 cm con una paleta de colores blancos y detalles dorados. Esta pieza transmite una sensaci\u00f3n de <strong>sofisticaci\u00f3n<\/strong> e <strong>glamour<\/strong>complementa a la perfecci\u00f3n cualquier espacio con su <strong>dise\u00f1o refinado<\/strong>.<\/p>","protected":false},"featured_media":9028,"comment_status":"open","ping_status":"closed","template":"","meta":{"_acf_changed":false},"product_brand":[],"product_cat":[71],"product_tag":[],"class_list":{"0":"post-2348","1":"product","2":"type-product","3":"status-publish","4":"has-post-thumbnail","6":"product_cat-arte","8":"first","9":"outofstock","10":"taxable","11":"shipping-taxable","12":"purchasable","13":"product-type-simple"},"acf":[],"aioseo_notices":[],"_links":{"self":[{"href":"https:\/\/silenthome.com\/es\/wp-json\/wp\/v2\/product\/2348","targetHints":{"allow":["GET"]}}],"collection":[{"href":"https:\/\/silenthome.com\/es\/wp-json\/wp\/v2\/product"}],"about":[{"href":"https:\/\/silenthome.com\/es\/wp-json\/wp\/v2\/types\/product"}],"replies":[{"embeddable":true,"href":"https:\/\/silenthome.com\/es\/wp-json\/wp\/v2\/comments?post=2348"}],"wp:featuredmedia":[{"embeddable":true,"href":"https:\/\/silenthome.com\/es\/wp-json\/wp\/v2\/media\/9028"}],"wp:attachment":[{"href":"https:\/\/silenthome.com\/es\/wp-json\/wp\/v2\/media?parent=2348"}],"wp:term":[{"taxonomy":"product_brand","embeddable":true,"href":"https:\/\/silenthome.com\/es\/wp-json\/wp\/v2\/product_brand?post=2348"},{"taxonomy":"product_cat","embeddable":true,"href":"https:\/\/silenthome.com\/es\/wp-json\/wp\/v2\/product_cat?post=2348"},{"taxonomy":"product_tag","embeddable":true,"href":"https:\/\/silenthome.com\/es\/wp-json\/wp\/v2\/product_tag?post=2348"}],"curies":[{"name":"wp","href":"https:\/\/api.w.org\/{rel}","templated":true}]}}