{"id":2345,"date":"2024-05-08T11:30:41","date_gmt":"2024-05-08T10:30:41","guid":{"rendered":"https:\/\/silenthome.com\/produto\/quadro-decorativo-butterfly-100x180cm\/"},"modified":"2026-04-14T16:48:10","modified_gmt":"2026-04-14T15:48:10","slug":"quadro-decorativo-butterfly-100x180cm","status":"publish","type":"product","link":"https:\/\/silenthome.com\/es\/producto\/quadro-decorativo-butterfly-100x180cm\/","title":{"rendered":"Marco decorativo Mariposa 100x180cm"},"content":{"rendered":"","protected":false},"excerpt":{"rendered":"<p>D\u00e9jate hechizar por la magia de este Marco Decorativo Mariposa. Con un <strong>dise\u00f1o moderno<\/strong> Esta obra de arte mide 100\u00d7180 cm y est\u00e1 pintada con acr\u00edlico sobre panel. Los tonos azules y marrones de esta obra evocan la <strong>belleza<\/strong> y el <strong>delicadeza<\/strong> de una mariposa, con l\u00edneas que sugieren sus alas. Este cuadro es una impresionante adici\u00f3n a cualquier espacio, dando un <strong>toque de elegancia<\/strong> e <strong>buen gusto<\/strong> a tu casa.<\/p>","protected":false},"featured_media":1328,"comment_status":"open","ping_status":"closed","template":"","meta":{"_acf_changed":false},"product_brand":[],"product_cat":[71],"product_tag":[],"class_list":{"0":"post-2345","1":"product","2":"type-product","3":"status-publish","4":"has-post-thumbnail","6":"product_cat-arte","8":"first","9":"instock","10":"taxable","11":"shipping-taxable","12":"purchasable","13":"product-type-simple"},"acf":[],"aioseo_notices":[],"_links":{"self":[{"href":"https:\/\/silenthome.com\/es\/wp-json\/wp\/v2\/product\/2345","targetHints":{"allow":["GET"]}}],"collection":[{"href":"https:\/\/silenthome.com\/es\/wp-json\/wp\/v2\/product"}],"about":[{"href":"https:\/\/silenthome.com\/es\/wp-json\/wp\/v2\/types\/product"}],"replies":[{"embeddable":true,"href":"https:\/\/silenthome.com\/es\/wp-json\/wp\/v2\/comments?post=2345"}],"wp:featuredmedia":[{"embeddable":true,"href":"https:\/\/silenthome.com\/es\/wp-json\/wp\/v2\/media\/1328"}],"wp:attachment":[{"href":"https:\/\/silenthome.com\/es\/wp-json\/wp\/v2\/media?parent=2345"}],"wp:term":[{"taxonomy":"product_brand","embeddable":true,"href":"https:\/\/silenthome.com\/es\/wp-json\/wp\/v2\/product_brand?post=2345"},{"taxonomy":"product_cat","embeddable":true,"href":"https:\/\/silenthome.com\/es\/wp-json\/wp\/v2\/product_cat?post=2345"},{"taxonomy":"product_tag","embeddable":true,"href":"https:\/\/silenthome.com\/es\/wp-json\/wp\/v2\/product_tag?post=2345"}],"curies":[{"name":"wp","href":"https:\/\/api.w.org\/{rel}","templated":true}]}}