{"id":2344,"date":"2024-05-08T11:30:39","date_gmt":"2024-05-08T10:30:39","guid":{"rendered":"https:\/\/silenthome.com\/produto\/quadro-decorativo-sunset-80x160cm\/"},"modified":"2026-04-14T16:48:09","modified_gmt":"2026-04-14T15:48:09","slug":"quadro-decorativo-sunset-80x160cm","status":"publish","type":"product","link":"https:\/\/silenthome.com\/es\/producto\/quadro-decorativo-sunset-80x160cm\/","title":{"rendered":"Marco Decorativo Puesta de Sol 80x160cm"},"content":{"rendered":"","protected":false},"excerpt":{"rendered":"<p>Este vibrante cuadro es una expresi\u00f3n art\u00edstica que combina pinceladas naranjas y negras sobre un lienzo de 80\u00d7160 cm. Inspirado en el <strong>colores del atardecer<\/strong> sobre el mar, esta obra transmite una sensaci\u00f3n de <strong>serenidad<\/strong> e<strong> profundidad<\/strong>. Con un dise\u00f1o moderno y minimalista, este marco es perfecto para a\u00f1adir un toque de color. <strong>toque de energ\u00eda<\/strong> e <strong>sofisticaci\u00f3n<\/strong> a cualquier entorno.<\/p>","protected":false},"featured_media":9358,"comment_status":"open","ping_status":"closed","template":"","meta":{"_acf_changed":false},"product_brand":[],"product_cat":[71],"product_tag":[],"class_list":{"0":"post-2344","1":"product","2":"type-product","3":"status-publish","4":"has-post-thumbnail","6":"product_cat-arte","8":"first","9":"outofstock","10":"taxable","11":"shipping-taxable","12":"purchasable","13":"product-type-simple"},"acf":[],"aioseo_notices":[],"_links":{"self":[{"href":"https:\/\/silenthome.com\/es\/wp-json\/wp\/v2\/product\/2344","targetHints":{"allow":["GET"]}}],"collection":[{"href":"https:\/\/silenthome.com\/es\/wp-json\/wp\/v2\/product"}],"about":[{"href":"https:\/\/silenthome.com\/es\/wp-json\/wp\/v2\/types\/product"}],"replies":[{"embeddable":true,"href":"https:\/\/silenthome.com\/es\/wp-json\/wp\/v2\/comments?post=2344"}],"wp:featuredmedia":[{"embeddable":true,"href":"https:\/\/silenthome.com\/es\/wp-json\/wp\/v2\/media\/9358"}],"wp:attachment":[{"href":"https:\/\/silenthome.com\/es\/wp-json\/wp\/v2\/media?parent=2344"}],"wp:term":[{"taxonomy":"product_brand","embeddable":true,"href":"https:\/\/silenthome.com\/es\/wp-json\/wp\/v2\/product_brand?post=2344"},{"taxonomy":"product_cat","embeddable":true,"href":"https:\/\/silenthome.com\/es\/wp-json\/wp\/v2\/product_cat?post=2344"},{"taxonomy":"product_tag","embeddable":true,"href":"https:\/\/silenthome.com\/es\/wp-json\/wp\/v2\/product_tag?post=2344"}],"curies":[{"name":"wp","href":"https:\/\/api.w.org\/{rel}","templated":true}]}}