{"id":2343,"date":"2024-05-08T11:30:38","date_gmt":"2024-05-08T10:30:38","guid":{"rendered":"https:\/\/silenthome.com\/produto\/quadro-decorativo-atenas-120x160cm\/"},"modified":"2026-04-14T16:48:09","modified_gmt":"2026-04-14T15:48:09","slug":"quadro-decorativo-atenas-120x160cm","status":"publish","type":"product","link":"https:\/\/silenthome.com\/es\/producto\/quadro-decorativo-atenas-120x160cm\/","title":{"rendered":"Marco decorativo Atenas 120x160cm"},"content":{"rendered":"","protected":false},"excerpt":{"rendered":"<p>Esta obra de arte es una pieza de 120\u00d7160 cm en tonos beige. Realizada en escayola sobre lienzo, esta pieza es un complemento elegante y sofisticado para la decoraci\u00f3n de su dormitorio, sal\u00f3n o comedor. Con su sencillez y estilo atemporal, es perfecta para complementar cualquier habitaci\u00f3n con un ambiente art\u00edstico<\/p>","protected":false},"featured_media":1322,"comment_status":"open","ping_status":"closed","template":"","meta":{"_acf_changed":false},"product_brand":[],"product_cat":[71],"product_tag":[],"class_list":{"0":"post-2343","1":"product","2":"type-product","3":"status-publish","4":"has-post-thumbnail","6":"product_cat-arte","8":"first","9":"instock","10":"taxable","11":"shipping-taxable","12":"purchasable","13":"product-type-simple"},"acf":[],"aioseo_notices":[],"_links":{"self":[{"href":"https:\/\/silenthome.com\/es\/wp-json\/wp\/v2\/product\/2343","targetHints":{"allow":["GET"]}}],"collection":[{"href":"https:\/\/silenthome.com\/es\/wp-json\/wp\/v2\/product"}],"about":[{"href":"https:\/\/silenthome.com\/es\/wp-json\/wp\/v2\/types\/product"}],"replies":[{"embeddable":true,"href":"https:\/\/silenthome.com\/es\/wp-json\/wp\/v2\/comments?post=2343"}],"wp:featuredmedia":[{"embeddable":true,"href":"https:\/\/silenthome.com\/es\/wp-json\/wp\/v2\/media\/1322"}],"wp:attachment":[{"href":"https:\/\/silenthome.com\/es\/wp-json\/wp\/v2\/media?parent=2343"}],"wp:term":[{"taxonomy":"product_brand","embeddable":true,"href":"https:\/\/silenthome.com\/es\/wp-json\/wp\/v2\/product_brand?post=2343"},{"taxonomy":"product_cat","embeddable":true,"href":"https:\/\/silenthome.com\/es\/wp-json\/wp\/v2\/product_cat?post=2343"},{"taxonomy":"product_tag","embeddable":true,"href":"https:\/\/silenthome.com\/es\/wp-json\/wp\/v2\/product_tag?post=2343"}],"curies":[{"name":"wp","href":"https:\/\/api.w.org\/{rel}","templated":true}]}}