{"id":2328,"date":"2024-05-08T11:30:13","date_gmt":"2024-05-08T10:30:13","guid":{"rendered":"https:\/\/silenthome.com\/produto\/poltrona-peacock-antracite\/"},"modified":"2026-04-01T23:51:13","modified_gmt":"2026-04-01T22:51:13","slug":"peacock-poltrona-antracite","status":"publish","type":"product","link":"https:\/\/silenthome.com\/es\/producto\/peacock-poltrona-antracite\/","title":{"rendered":"Sill\u00f3n Peacock Antracita"},"content":{"rendered":"","protected":false},"excerpt":{"rendered":"<p>El sill\u00f3n Peacock, en piel Antracita, es una pieza central para cualquier sal\u00f3n o dormitorio. Su revestimiento de piel aporta confort y sofisticaci\u00f3n, mientras que su estilo \u00fanico a\u00f1ade un toque refinado y original.<\/p>","protected":false},"featured_media":6335,"comment_status":"open","ping_status":"closed","template":"","meta":{"_acf_changed":false},"product_brand":[],"product_cat":[61,69],"product_tag":[],"class_list":{"0":"post-2328","1":"product","2":"type-product","3":"status-publish","4":"has-post-thumbnail","6":"product_cat-mobiliario","7":"product_cat-poltronas","9":"first","10":"outofstock","11":"taxable","12":"shipping-taxable","13":"purchasable","14":"product-type-simple"},"acf":[],"aioseo_notices":[],"_links":{"self":[{"href":"https:\/\/silenthome.com\/es\/wp-json\/wp\/v2\/product\/2328","targetHints":{"allow":["GET"]}}],"collection":[{"href":"https:\/\/silenthome.com\/es\/wp-json\/wp\/v2\/product"}],"about":[{"href":"https:\/\/silenthome.com\/es\/wp-json\/wp\/v2\/types\/product"}],"replies":[{"embeddable":true,"href":"https:\/\/silenthome.com\/es\/wp-json\/wp\/v2\/comments?post=2328"}],"wp:featuredmedia":[{"embeddable":true,"href":"https:\/\/silenthome.com\/es\/wp-json\/wp\/v2\/media\/6335"}],"wp:attachment":[{"href":"https:\/\/silenthome.com\/es\/wp-json\/wp\/v2\/media?parent=2328"}],"wp:term":[{"taxonomy":"product_brand","embeddable":true,"href":"https:\/\/silenthome.com\/es\/wp-json\/wp\/v2\/product_brand?post=2328"},{"taxonomy":"product_cat","embeddable":true,"href":"https:\/\/silenthome.com\/es\/wp-json\/wp\/v2\/product_cat?post=2328"},{"taxonomy":"product_tag","embeddable":true,"href":"https:\/\/silenthome.com\/es\/wp-json\/wp\/v2\/product_tag?post=2328"}],"curies":[{"name":"wp","href":"https:\/\/api.w.org\/{rel}","templated":true}]}}