{"id":2324,"date":"2024-05-08T11:30:03","date_gmt":"2024-05-08T10:30:03","guid":{"rendered":"https:\/\/silenthome.com\/produto\/banco-com-corte-a-laser-antracite\/"},"modified":"2026-04-01T23:05:06","modified_gmt":"2026-04-01T22:05:06","slug":"banco-com-corte-a-laser-antracite","status":"publish","type":"product","link":"https:\/\/silenthome.com\/es\/producto\/banco-com-corte-a-laser-antracite\/","title":{"rendered":"Taburete antracita cortado a l\u00e1ser"},"content":{"rendered":"","protected":false},"excerpt":{"rendered":"<p>Este banco tiene un dise\u00f1o cortado a l\u00e1ser y est\u00e1 revestido de piel sint\u00e9tica de color topo. Ideal para colocar en la entrada de casa o en el dormitorio, a\u00f1ade un toque de estilo a cualquier estancia. Con un <strong>estructura robusta y distintiva<\/strong>es una adici\u00f3n <strong>vers\u00e1til<\/strong>.<\/p>","protected":false},"featured_media":9745,"comment_status":"open","ping_status":"closed","template":"","meta":{"_acf_changed":false},"product_brand":[],"product_cat":[70,61],"product_tag":[],"class_list":{"0":"post-2324","1":"product","2":"type-product","3":"status-publish","4":"has-post-thumbnail","6":"product_cat-bancos","7":"product_cat-mobiliario","9":"first","10":"instock","11":"taxable","12":"shipping-taxable","13":"purchasable","14":"product-type-simple"},"acf":[],"aioseo_notices":[],"_links":{"self":[{"href":"https:\/\/silenthome.com\/es\/wp-json\/wp\/v2\/product\/2324","targetHints":{"allow":["GET"]}}],"collection":[{"href":"https:\/\/silenthome.com\/es\/wp-json\/wp\/v2\/product"}],"about":[{"href":"https:\/\/silenthome.com\/es\/wp-json\/wp\/v2\/types\/product"}],"replies":[{"embeddable":true,"href":"https:\/\/silenthome.com\/es\/wp-json\/wp\/v2\/comments?post=2324"}],"wp:featuredmedia":[{"embeddable":true,"href":"https:\/\/silenthome.com\/es\/wp-json\/wp\/v2\/media\/9745"}],"wp:attachment":[{"href":"https:\/\/silenthome.com\/es\/wp-json\/wp\/v2\/media?parent=2324"}],"wp:term":[{"taxonomy":"product_brand","embeddable":true,"href":"https:\/\/silenthome.com\/es\/wp-json\/wp\/v2\/product_brand?post=2324"},{"taxonomy":"product_cat","embeddable":true,"href":"https:\/\/silenthome.com\/es\/wp-json\/wp\/v2\/product_cat?post=2324"},{"taxonomy":"product_tag","embeddable":true,"href":"https:\/\/silenthome.com\/es\/wp-json\/wp\/v2\/product_tag?post=2324"}],"curies":[{"name":"wp","href":"https:\/\/api.w.org\/{rel}","templated":true}]}}