{"id":2323,"date":"2024-05-08T11:30:01","date_gmt":"2024-05-08T10:30:01","guid":{"rendered":"https:\/\/silenthome.com\/produto\/poltrona-simon-boucle-taupe\/"},"modified":"2026-04-01T23:50:55","modified_gmt":"2026-04-01T22:50:55","slug":"simon-poltrona-cinza","status":"publish","type":"product","link":"https:\/\/silenthome.com\/es\/producto\/simon-poltrona-cinza\/","title":{"rendered":"SILL\u00d3N SIMON GREY"},"content":{"rendered":"","protected":false},"excerpt":{"rendered":"<p>El sill\u00f3n Simon es una obra maestra de\u00a0<strong>elegancia<\/strong>\u00a0e\u00a0<strong>confort<\/strong>. Con su dise\u00f1o atemporal y su s\u00f3lida estructura, este sill\u00f3n es el complemento perfecto para cualquier espacio. La tapicer\u00eda ofrece un <strong>lujoso al tacto<\/strong>Su original forma aporta el m\u00e1ximo confort y personalidad a su hogar. Ideal para relajarse con un buen libro o disfrutar de una agradable conversaci\u00f3n, el sill\u00f3n Simon es una invitaci\u00f3n irresistible a\u00a0<strong>irreverencia<\/strong>\u00a0y\u00a0<strong>bienestar<\/strong>.<\/p>","protected":false},"featured_media":6338,"comment_status":"open","ping_status":"closed","template":"","meta":{"_acf_changed":false},"product_brand":[],"product_cat":[61,69],"product_tag":[],"class_list":{"0":"post-2323","1":"product","2":"type-product","3":"status-publish","4":"has-post-thumbnail","6":"product_cat-mobiliario","7":"product_cat-poltronas","9":"first","10":"outofstock","11":"taxable","12":"shipping-taxable","13":"purchasable","14":"product-type-simple"},"acf":[],"aioseo_notices":[],"_links":{"self":[{"href":"https:\/\/silenthome.com\/es\/wp-json\/wp\/v2\/product\/2323","targetHints":{"allow":["GET"]}}],"collection":[{"href":"https:\/\/silenthome.com\/es\/wp-json\/wp\/v2\/product"}],"about":[{"href":"https:\/\/silenthome.com\/es\/wp-json\/wp\/v2\/types\/product"}],"replies":[{"embeddable":true,"href":"https:\/\/silenthome.com\/es\/wp-json\/wp\/v2\/comments?post=2323"}],"wp:featuredmedia":[{"embeddable":true,"href":"https:\/\/silenthome.com\/es\/wp-json\/wp\/v2\/media\/6338"}],"wp:attachment":[{"href":"https:\/\/silenthome.com\/es\/wp-json\/wp\/v2\/media?parent=2323"}],"wp:term":[{"taxonomy":"product_brand","embeddable":true,"href":"https:\/\/silenthome.com\/es\/wp-json\/wp\/v2\/product_brand?post=2323"},{"taxonomy":"product_cat","embeddable":true,"href":"https:\/\/silenthome.com\/es\/wp-json\/wp\/v2\/product_cat?post=2323"},{"taxonomy":"product_tag","embeddable":true,"href":"https:\/\/silenthome.com\/es\/wp-json\/wp\/v2\/product_tag?post=2323"}],"curies":[{"name":"wp","href":"https:\/\/api.w.org\/{rel}","templated":true}]}}