{"id":2320,"date":"2024-05-08T11:29:55","date_gmt":"2024-05-08T10:29:55","guid":{"rendered":"https:\/\/silenthome.com\/produto\/mesa-de-apoio-las-vegas\/"},"modified":"2026-04-16T15:52:22","modified_gmt":"2026-04-16T14:52:22","slug":"las-vegas-mesa-de-apoio","status":"publish","type":"product","link":"https:\/\/silenthome.com\/es\/producto\/las-vegas-mesa-de-apoio\/","title":{"rendered":"Mesa baja Las Vegas"},"content":{"rendered":"","protected":false},"excerpt":{"rendered":"<p>Esta mesa auxiliar con base en forma de cono est\u00e1 formada por una estructura de metal dorado y negro. Ideal para colocar junto al sof\u00e1 de su sal\u00f3n. Gracias a su <strong>dise\u00f1o exclusivo<\/strong>, es ideal para a\u00f1adir un toque de estilo a su hogar. Su construcci\u00f3n met\u00e1lica le da <strong>durabilidad y elegancia<\/strong> al mismo tiempo.<\/p>","protected":false},"featured_media":6356,"comment_status":"open","ping_status":"closed","template":"","meta":{"_acf_changed":false},"product_brand":[],"product_cat":[62,61,164],"product_tag":[],"class_list":{"0":"post-2320","1":"product","2":"type-product","3":"status-publish","4":"has-post-thumbnail","6":"product_cat-mesas-de-centro-e-apoio","7":"product_cat-mobiliario","8":"product_cat-promocoes","10":"first","11":"instock","12":"taxable","13":"shipping-taxable","14":"purchasable","15":"product-type-simple"},"acf":[],"aioseo_notices":[],"_links":{"self":[{"href":"https:\/\/silenthome.com\/es\/wp-json\/wp\/v2\/product\/2320","targetHints":{"allow":["GET"]}}],"collection":[{"href":"https:\/\/silenthome.com\/es\/wp-json\/wp\/v2\/product"}],"about":[{"href":"https:\/\/silenthome.com\/es\/wp-json\/wp\/v2\/types\/product"}],"replies":[{"embeddable":true,"href":"https:\/\/silenthome.com\/es\/wp-json\/wp\/v2\/comments?post=2320"}],"wp:featuredmedia":[{"embeddable":true,"href":"https:\/\/silenthome.com\/es\/wp-json\/wp\/v2\/media\/6356"}],"wp:attachment":[{"href":"https:\/\/silenthome.com\/es\/wp-json\/wp\/v2\/media?parent=2320"}],"wp:term":[{"taxonomy":"product_brand","embeddable":true,"href":"https:\/\/silenthome.com\/es\/wp-json\/wp\/v2\/product_brand?post=2320"},{"taxonomy":"product_cat","embeddable":true,"href":"https:\/\/silenthome.com\/es\/wp-json\/wp\/v2\/product_cat?post=2320"},{"taxonomy":"product_tag","embeddable":true,"href":"https:\/\/silenthome.com\/es\/wp-json\/wp\/v2\/product_tag?post=2320"}],"curies":[{"name":"wp","href":"https:\/\/api.w.org\/{rel}","templated":true}]}}