{"id":2319,"date":"2024-05-08T11:29:53","date_gmt":"2024-05-08T10:29:53","guid":{"rendered":"https:\/\/silenthome.com\/produto\/mesa-de-apoio-eterna\/"},"modified":"2026-04-16T18:22:32","modified_gmt":"2026-04-16T17:22:32","slug":"eterna-mesa-de-apoio","status":"publish","type":"product","link":"https:\/\/silenthome.com\/es\/producto\/eterna-mesa-de-apoio\/","title":{"rendered":"Mesa de centro Eternal"},"content":{"rendered":"","protected":false},"excerpt":{"rendered":"<p>Esta mesa auxiliar tiene un tablero de cristal sobre una estructura de metal dorado y negro. Debido a su tama\u00f1o <strong>compacto<\/strong>es ideal para colocar en el sal\u00f3n como mesa auxiliar. Su combinaci\u00f3n de materiales proporciona <strong>durabilidad y sofisticaci\u00f3n<\/strong>.<\/p>","protected":false},"featured_media":1928,"comment_status":"open","ping_status":"closed","template":"","meta":{"_acf_changed":false},"product_brand":[],"product_cat":[62,61],"product_tag":[],"class_list":{"0":"post-2319","1":"product","2":"type-product","3":"status-publish","4":"has-post-thumbnail","6":"product_cat-mesas-de-centro-e-apoio","7":"product_cat-mobiliario","9":"first","10":"instock","11":"taxable","12":"shipping-taxable","13":"purchasable","14":"product-type-simple"},"acf":[],"aioseo_notices":[],"_links":{"self":[{"href":"https:\/\/silenthome.com\/es\/wp-json\/wp\/v2\/product\/2319","targetHints":{"allow":["GET"]}}],"collection":[{"href":"https:\/\/silenthome.com\/es\/wp-json\/wp\/v2\/product"}],"about":[{"href":"https:\/\/silenthome.com\/es\/wp-json\/wp\/v2\/types\/product"}],"replies":[{"embeddable":true,"href":"https:\/\/silenthome.com\/es\/wp-json\/wp\/v2\/comments?post=2319"}],"wp:featuredmedia":[{"embeddable":true,"href":"https:\/\/silenthome.com\/es\/wp-json\/wp\/v2\/media\/1928"}],"wp:attachment":[{"href":"https:\/\/silenthome.com\/es\/wp-json\/wp\/v2\/media?parent=2319"}],"wp:term":[{"taxonomy":"product_brand","embeddable":true,"href":"https:\/\/silenthome.com\/es\/wp-json\/wp\/v2\/product_brand?post=2319"},{"taxonomy":"product_cat","embeddable":true,"href":"https:\/\/silenthome.com\/es\/wp-json\/wp\/v2\/product_cat?post=2319"},{"taxonomy":"product_tag","embeddable":true,"href":"https:\/\/silenthome.com\/es\/wp-json\/wp\/v2\/product_tag?post=2319"}],"curies":[{"name":"wp","href":"https:\/\/api.w.org\/{rel}","templated":true}]}}