{"id":2315,"date":"2024-05-08T11:29:46","date_gmt":"2024-05-08T10:29:46","guid":{"rendered":"https:\/\/silenthome.com\/produto\/mesa-de-centro-redonda-preta\/"},"modified":"2026-04-01T23:29:15","modified_gmt":"2026-04-01T22:29:15","slug":"mesa-de-centro-redonda-preta","status":"publish","type":"product","link":"https:\/\/silenthome.com\/es\/producto\/mesa-de-centro-redonda-preta\/","title":{"rendered":"Mesa de centro redonda negra"},"content":{"rendered":"","protected":false},"excerpt":{"rendered":"<p>Esta mesa de centro redonda de color negro es ideal para utilizarla como mesa de centro o como mesa auxiliar. <strong>Vers\u00e1til<\/strong>Esta mesa puede configurarse de varias maneras, adapt\u00e1ndose f\u00e1cilmente a diferentes espacios y necesidades. Con un <strong>dise\u00f1o moderno y elegante<\/strong>Esto permite crear zonas de estar acogedoras.<\/p>","protected":false},"featured_media":6354,"comment_status":"open","ping_status":"closed","template":"","meta":{"_acf_changed":false},"product_brand":[],"product_cat":[62,61],"product_tag":[],"class_list":{"0":"post-2315","1":"product","2":"type-product","3":"status-publish","4":"has-post-thumbnail","6":"product_cat-mesas-de-centro-e-apoio","7":"product_cat-mobiliario","9":"first","10":"outofstock","11":"taxable","12":"shipping-taxable","13":"purchasable","14":"product-type-simple"},"acf":[],"aioseo_notices":[],"_links":{"self":[{"href":"https:\/\/silenthome.com\/es\/wp-json\/wp\/v2\/product\/2315","targetHints":{"allow":["GET"]}}],"collection":[{"href":"https:\/\/silenthome.com\/es\/wp-json\/wp\/v2\/product"}],"about":[{"href":"https:\/\/silenthome.com\/es\/wp-json\/wp\/v2\/types\/product"}],"replies":[{"embeddable":true,"href":"https:\/\/silenthome.com\/es\/wp-json\/wp\/v2\/comments?post=2315"}],"wp:featuredmedia":[{"embeddable":true,"href":"https:\/\/silenthome.com\/es\/wp-json\/wp\/v2\/media\/6354"}],"wp:attachment":[{"href":"https:\/\/silenthome.com\/es\/wp-json\/wp\/v2\/media?parent=2315"}],"wp:term":[{"taxonomy":"product_brand","embeddable":true,"href":"https:\/\/silenthome.com\/es\/wp-json\/wp\/v2\/product_brand?post=2315"},{"taxonomy":"product_cat","embeddable":true,"href":"https:\/\/silenthome.com\/es\/wp-json\/wp\/v2\/product_cat?post=2315"},{"taxonomy":"product_tag","embeddable":true,"href":"https:\/\/silenthome.com\/es\/wp-json\/wp\/v2\/product_tag?post=2315"}],"curies":[{"name":"wp","href":"https:\/\/api.w.org\/{rel}","templated":true}]}}