{"id":2304,"date":"2024-05-08T11:29:24","date_gmt":"2024-05-08T10:29:24","guid":{"rendered":"https:\/\/silenthome.com\/produto\/mesa-de-apoio-naomi\/"},"modified":"2026-04-14T16:48:02","modified_gmt":"2026-04-14T15:48:02","slug":"naomi-mesa-de-apoio-petite","status":"publish","type":"product","link":"https:\/\/silenthome.com\/es\/producto\/naomi-mesa-de-apoio-petite\/","title":{"rendered":"Mesa baja acr\u00edlica verde Naomi Petite"},"content":{"rendered":"","protected":false},"excerpt":{"rendered":"<p>La mesa auxiliar redonda Naomi presenta un sofisticado degradado acr\u00edlico verde. Ideal como mesa auxiliar en el sal\u00f3n, el dormitorio o el despacho, aporta un toque de color y estilo a la decoraci\u00f3n. Su dise\u00f1o moderno y vers\u00e1til combina funcionalidad y elegancia.<\/p>","protected":false},"featured_media":1881,"comment_status":"open","ping_status":"closed","template":"","meta":{"_acf_changed":false},"product_brand":[],"product_cat":[62,61],"product_tag":[],"class_list":{"0":"post-2304","1":"product","2":"type-product","3":"status-publish","4":"has-post-thumbnail","6":"product_cat-mesas-de-centro-e-apoio","7":"product_cat-mobiliario","9":"first","10":"instock","11":"taxable","12":"shipping-taxable","13":"purchasable","14":"product-type-simple"},"acf":[],"aioseo_notices":[],"_links":{"self":[{"href":"https:\/\/silenthome.com\/es\/wp-json\/wp\/v2\/product\/2304","targetHints":{"allow":["GET"]}}],"collection":[{"href":"https:\/\/silenthome.com\/es\/wp-json\/wp\/v2\/product"}],"about":[{"href":"https:\/\/silenthome.com\/es\/wp-json\/wp\/v2\/types\/product"}],"replies":[{"embeddable":true,"href":"https:\/\/silenthome.com\/es\/wp-json\/wp\/v2\/comments?post=2304"}],"wp:featuredmedia":[{"embeddable":true,"href":"https:\/\/silenthome.com\/es\/wp-json\/wp\/v2\/media\/1881"}],"wp:attachment":[{"href":"https:\/\/silenthome.com\/es\/wp-json\/wp\/v2\/media?parent=2304"}],"wp:term":[{"taxonomy":"product_brand","embeddable":true,"href":"https:\/\/silenthome.com\/es\/wp-json\/wp\/v2\/product_brand?post=2304"},{"taxonomy":"product_cat","embeddable":true,"href":"https:\/\/silenthome.com\/es\/wp-json\/wp\/v2\/product_cat?post=2304"},{"taxonomy":"product_tag","embeddable":true,"href":"https:\/\/silenthome.com\/es\/wp-json\/wp\/v2\/product_tag?post=2304"}],"curies":[{"name":"wp","href":"https:\/\/api.w.org\/{rel}","templated":true}]}}