{"id":2302,"date":"2024-05-08T11:29:20","date_gmt":"2024-05-08T10:29:20","guid":{"rendered":"https:\/\/silenthome.com\/produto\/mesa-de-apoio-kate-trasparente\/"},"modified":"2026-04-14T16:47:59","modified_gmt":"2026-04-14T15:47:59","slug":"kate-mesa-de-apoio-acrilico-transparente","status":"publish","type":"product","link":"https:\/\/silenthome.com\/es\/producto\/kate-mesa-de-apoio-acrilico-transparente\/","title":{"rendered":"Mesa auxiliar acr\u00edlica Kate transparente"},"content":{"rendered":"","protected":false},"excerpt":{"rendered":"<p>Mesa Kate y acr\u00edlico transparente. Puede utilizarse como mesa auxiliar o incluso como mesilla de noche, la mesa Kate es perfecta para a\u00f1adir un toque de color. <strong>sofisticado y colorido<\/strong> a cualquier habitaci\u00f3n de su hogar.<\/p>","protected":false},"featured_media":1874,"comment_status":"open","ping_status":"closed","template":"","meta":{"_acf_changed":false},"product_brand":[],"product_cat":[62,61],"product_tag":[],"class_list":{"0":"post-2302","1":"product","2":"type-product","3":"status-publish","4":"has-post-thumbnail","6":"product_cat-mesas-de-centro-e-apoio","7":"product_cat-mobiliario","9":"first","10":"instock","11":"taxable","12":"shipping-taxable","13":"purchasable","14":"product-type-simple"},"acf":[],"aioseo_notices":[],"_links":{"self":[{"href":"https:\/\/silenthome.com\/es\/wp-json\/wp\/v2\/product\/2302","targetHints":{"allow":["GET"]}}],"collection":[{"href":"https:\/\/silenthome.com\/es\/wp-json\/wp\/v2\/product"}],"about":[{"href":"https:\/\/silenthome.com\/es\/wp-json\/wp\/v2\/types\/product"}],"replies":[{"embeddable":true,"href":"https:\/\/silenthome.com\/es\/wp-json\/wp\/v2\/comments?post=2302"}],"wp:featuredmedia":[{"embeddable":true,"href":"https:\/\/silenthome.com\/es\/wp-json\/wp\/v2\/media\/1874"}],"wp:attachment":[{"href":"https:\/\/silenthome.com\/es\/wp-json\/wp\/v2\/media?parent=2302"}],"wp:term":[{"taxonomy":"product_brand","embeddable":true,"href":"https:\/\/silenthome.com\/es\/wp-json\/wp\/v2\/product_brand?post=2302"},{"taxonomy":"product_cat","embeddable":true,"href":"https:\/\/silenthome.com\/es\/wp-json\/wp\/v2\/product_cat?post=2302"},{"taxonomy":"product_tag","embeddable":true,"href":"https:\/\/silenthome.com\/es\/wp-json\/wp\/v2\/product_tag?post=2302"}],"curies":[{"name":"wp","href":"https:\/\/api.w.org\/{rel}","templated":true}]}}