{"id":11617,"date":"2026-04-07T16:16:25","date_gmt":"2026-04-07T15:16:25","guid":{"rendered":"https:\/\/silenthome.com\/produto\/vela-perfumada-stones-marble-16cm-baobab-collection\/"},"modified":"2026-04-10T18:31:40","modified_gmt":"2026-04-10T17:31:40","slug":"vela-perfumada-stones-marble-16cm-baobab-collection","status":"publish","type":"product","link":"https:\/\/silenthome.com\/es\/producto\/vela-perfumada-stones-marble-16cm-baobab-collection\/","title":{"rendered":"Vela Perfumada Stones Marble 16cm  Baobab Collection"},"content":{"rendered":"","protected":false},"excerpt":{"rendered":"<p>A vela perfumada est\u00e1 acondicionada num recipiente de vidro soprado artesanalmente, que reproduz m\u00e1rmore cinza com tra\u00e7os pretos e bordas bege. A eleg\u00e2ncia do vidro revela a chama, criando um efeito de pedra luminosa.<\/p>\n<p>Notas ofativas: Couro, Rosa e Ameixa<\/p>","protected":false},"featured_media":11666,"comment_status":"open","ping_status":"closed","template":"","meta":{"_acf_changed":false},"product_brand":[],"product_cat":[52,53],"product_tag":[],"class_list":{"0":"post-11617","1":"product","2":"type-product","3":"status-publish","4":"has-post-thumbnail","6":"product_cat-fragrancias","7":"product_cat-velas","9":"first","10":"instock","11":"taxable","12":"shipping-taxable","13":"purchasable","14":"product-type-simple"},"acf":[],"aioseo_notices":[],"_links":{"self":[{"href":"https:\/\/silenthome.com\/es\/wp-json\/wp\/v2\/product\/11617","targetHints":{"allow":["GET"]}}],"collection":[{"href":"https:\/\/silenthome.com\/es\/wp-json\/wp\/v2\/product"}],"about":[{"href":"https:\/\/silenthome.com\/es\/wp-json\/wp\/v2\/types\/product"}],"replies":[{"embeddable":true,"href":"https:\/\/silenthome.com\/es\/wp-json\/wp\/v2\/comments?post=11617"}],"wp:featuredmedia":[{"embeddable":true,"href":"https:\/\/silenthome.com\/es\/wp-json\/wp\/v2\/media\/11666"}],"wp:attachment":[{"href":"https:\/\/silenthome.com\/es\/wp-json\/wp\/v2\/media?parent=11617"}],"wp:term":[{"taxonomy":"product_brand","embeddable":true,"href":"https:\/\/silenthome.com\/es\/wp-json\/wp\/v2\/product_brand?post=11617"},{"taxonomy":"product_cat","embeddable":true,"href":"https:\/\/silenthome.com\/es\/wp-json\/wp\/v2\/product_cat?post=11617"},{"taxonomy":"product_tag","embeddable":true,"href":"https:\/\/silenthome.com\/es\/wp-json\/wp\/v2\/product_tag?post=11617"}],"curies":[{"name":"wp","href":"https:\/\/api.w.org\/{rel}","templated":true}]}}