{"id":11615,"date":"2026-04-07T16:16:24","date_gmt":"2026-04-07T15:16:24","guid":{"rendered":"https:\/\/silenthome.com\/produto\/vela-perfumada-women-24cm-baobab-collection\/"},"modified":"2026-04-10T18:31:43","modified_gmt":"2026-04-10T17:31:43","slug":"vela-perfumada-women-24cm-baobab-collection","status":"publish","type":"product","link":"https:\/\/silenthome.com\/es\/producto\/vela-perfumada-women-24cm-baobab-collection\/","title":{"rendered":"Vela Perfumada Mujer 24cm Colecci\u00f3n Baobab"},"content":{"rendered":"","protected":false},"excerpt":{"rendered":"<p>La Colecci\u00f3n Baobab apoya la investigaci\u00f3n del c\u00e1ncer de mama con la Fundaci\u00f3n Fournier-Majoie. Un porcentaje de las ganancias de las velas Women se dona a la fundaci\u00f3n. Con esta colecci\u00f3n, la Colecci\u00f3n Baobab espera demostrar su amor por las mujeres y se compromete a apoyar una causa que afecta a todos de una forma u otra: la investigaci\u00f3n del c\u00e1ncer de mama. La vela perfumada Women presenta una delicada impresi\u00f3n en oro amarillo de 24 quilates. El dise\u00f1o representa el s\u00edmbolo femenino, tratado como un elemento gr\u00e1fico. Este patr\u00f3n rosa claro est\u00e1 contorneado por una l\u00ednea dorada como un recordatorio de lo preciosas que son realmente las mujeres.<\/p>\n<p>Notas olfativas: Magnolia, Rosa y Almizcle<\/p>","protected":false},"featured_media":11662,"comment_status":"open","ping_status":"closed","template":"","meta":{"_acf_changed":false},"product_brand":[],"product_cat":[52,53],"product_tag":[],"class_list":{"0":"post-11615","1":"product","2":"type-product","3":"status-publish","4":"has-post-thumbnail","6":"product_cat-fragrancias","7":"product_cat-velas","9":"first","10":"instock","11":"taxable","12":"shipping-taxable","13":"purchasable","14":"product-type-simple"},"acf":[],"aioseo_notices":[],"_links":{"self":[{"href":"https:\/\/silenthome.com\/es\/wp-json\/wp\/v2\/product\/11615","targetHints":{"allow":["GET"]}}],"collection":[{"href":"https:\/\/silenthome.com\/es\/wp-json\/wp\/v2\/product"}],"about":[{"href":"https:\/\/silenthome.com\/es\/wp-json\/wp\/v2\/types\/product"}],"replies":[{"embeddable":true,"href":"https:\/\/silenthome.com\/es\/wp-json\/wp\/v2\/comments?post=11615"}],"wp:featuredmedia":[{"embeddable":true,"href":"https:\/\/silenthome.com\/es\/wp-json\/wp\/v2\/media\/11662"}],"wp:attachment":[{"href":"https:\/\/silenthome.com\/es\/wp-json\/wp\/v2\/media?parent=11615"}],"wp:term":[{"taxonomy":"product_brand","embeddable":true,"href":"https:\/\/silenthome.com\/es\/wp-json\/wp\/v2\/product_brand?post=11615"},{"taxonomy":"product_cat","embeddable":true,"href":"https:\/\/silenthome.com\/es\/wp-json\/wp\/v2\/product_cat?post=11615"},{"taxonomy":"product_tag","embeddable":true,"href":"https:\/\/silenthome.com\/es\/wp-json\/wp\/v2\/product_tag?post=11615"}],"curies":[{"name":"wp","href":"https:\/\/api.w.org\/{rel}","templated":true}]}}