{"id":11612,"date":"2026-04-07T16:16:21","date_gmt":"2026-04-07T15:16:21","guid":{"rendered":"https:\/\/silenthome.com\/produto\/vela-perfumada-les-exclusives-platinum-24cm-baobab-collection\/"},"modified":"2026-04-10T18:31:51","modified_gmt":"2026-04-10T17:31:51","slug":"vela-perfumada-les-exclusives-platinum-24cm-baobab-collection","status":"publish","type":"product","link":"https:\/\/silenthome.com\/es\/producto\/vela-perfumada-les-exclusives-platinum-24cm-baobab-collection\/","title":{"rendered":"Vela Perfumada Les Exclusives Platinum 24cm  Baobab Collection"},"content":{"rendered":"","protected":false},"excerpt":{"rendered":"<p>A vela perfumada Platinum \u00e9 uma das obras-primas ic\u00f4nicas da marca, personificando eleg\u00e2ncia e sofistica\u00e7\u00e3o. Ela revela graciosamente a chama bruxuleante em seu interior, projetando um brilho suave e encantador que eleva a atmosfera de qualquer ambiente. Conforme a vela queima, libera uma fragr\u00e2ncia com notas ricas e especiadas. A vela Platinum n\u00e3o apenas adiciona um toque de luxo \u00e0 sua decora\u00e7\u00e3o, como tamb\u00e9m cria uma atmosfera acolhedora.<\/p>\n<p>Notas ofativas: \u00c2mbar, Vetiver e Noz-Moscada<\/p>","protected":false},"featured_media":11655,"comment_status":"open","ping_status":"closed","template":"","meta":{"_acf_changed":false},"product_brand":[],"product_cat":[52,53],"product_tag":[],"class_list":{"0":"post-11612","1":"product","2":"type-product","3":"status-publish","4":"has-post-thumbnail","6":"product_cat-fragrancias","7":"product_cat-velas","9":"first","10":"instock","11":"taxable","12":"shipping-taxable","13":"purchasable","14":"product-type-simple"},"acf":[],"aioseo_notices":[],"_links":{"self":[{"href":"https:\/\/silenthome.com\/es\/wp-json\/wp\/v2\/product\/11612","targetHints":{"allow":["GET"]}}],"collection":[{"href":"https:\/\/silenthome.com\/es\/wp-json\/wp\/v2\/product"}],"about":[{"href":"https:\/\/silenthome.com\/es\/wp-json\/wp\/v2\/types\/product"}],"replies":[{"embeddable":true,"href":"https:\/\/silenthome.com\/es\/wp-json\/wp\/v2\/comments?post=11612"}],"wp:featuredmedia":[{"embeddable":true,"href":"https:\/\/silenthome.com\/es\/wp-json\/wp\/v2\/media\/11655"}],"wp:attachment":[{"href":"https:\/\/silenthome.com\/es\/wp-json\/wp\/v2\/media?parent=11612"}],"wp:term":[{"taxonomy":"product_brand","embeddable":true,"href":"https:\/\/silenthome.com\/es\/wp-json\/wp\/v2\/product_brand?post=11612"},{"taxonomy":"product_cat","embeddable":true,"href":"https:\/\/silenthome.com\/es\/wp-json\/wp\/v2\/product_cat?post=11612"},{"taxonomy":"product_tag","embeddable":true,"href":"https:\/\/silenthome.com\/es\/wp-json\/wp\/v2\/product_tag?post=11612"}],"curies":[{"name":"wp","href":"https:\/\/api.w.org\/{rel}","templated":true}]}}