{"id":11606,"date":"2026-04-07T16:16:18","date_gmt":"2026-04-07T15:16:18","guid":{"rendered":"https:\/\/silenthome.com\/produto\/vela-perfumada-pearls-black-10cm-baobab-collection\/"},"modified":"2026-04-10T18:31:57","modified_gmt":"2026-04-10T17:31:57","slug":"vela-perfumada-pearls-black-10cm-baobab-collection","status":"publish","type":"product","link":"https:\/\/silenthome.com\/es\/producto\/vela-perfumada-pearls-black-10cm-baobab-collection\/","title":{"rendered":"Vela Perfumada Pearls Black 10cm  Baobab Collection"},"content":{"rendered":"","protected":false},"excerpt":{"rendered":"<p>A vela perfumada Black Pearls, contida num recipiente de vidro soprado artesanalmente, onde a transpar\u00eancia \u00e9 delicadamente pontuada por preciosas manchas pretas, \u00e9 t\u00e3o reverenciada quanto as raras gemas que lhe conferem o nome. Ela se destaca como um magn\u00edfico objeto de arte, que consagra a fragr\u00e2ncia ic\u00f4nica e sofisticada da Maison.<\/p>\n<p>Notas ofativas: Gengibre, Toranja e Rosa<\/p>","protected":false},"featured_media":11649,"comment_status":"open","ping_status":"closed","template":"","meta":{"_acf_changed":false},"product_brand":[],"product_cat":[52,53],"product_tag":[],"class_list":{"0":"post-11606","1":"product","2":"type-product","3":"status-publish","4":"has-post-thumbnail","6":"product_cat-fragrancias","7":"product_cat-velas","9":"first","10":"instock","11":"taxable","12":"shipping-taxable","13":"purchasable","14":"product-type-simple"},"acf":[],"aioseo_notices":[],"_links":{"self":[{"href":"https:\/\/silenthome.com\/es\/wp-json\/wp\/v2\/product\/11606","targetHints":{"allow":["GET"]}}],"collection":[{"href":"https:\/\/silenthome.com\/es\/wp-json\/wp\/v2\/product"}],"about":[{"href":"https:\/\/silenthome.com\/es\/wp-json\/wp\/v2\/types\/product"}],"replies":[{"embeddable":true,"href":"https:\/\/silenthome.com\/es\/wp-json\/wp\/v2\/comments?post=11606"}],"wp:featuredmedia":[{"embeddable":true,"href":"https:\/\/silenthome.com\/es\/wp-json\/wp\/v2\/media\/11649"}],"wp:attachment":[{"href":"https:\/\/silenthome.com\/es\/wp-json\/wp\/v2\/media?parent=11606"}],"wp:term":[{"taxonomy":"product_brand","embeddable":true,"href":"https:\/\/silenthome.com\/es\/wp-json\/wp\/v2\/product_brand?post=11606"},{"taxonomy":"product_cat","embeddable":true,"href":"https:\/\/silenthome.com\/es\/wp-json\/wp\/v2\/product_cat?post=11606"},{"taxonomy":"product_tag","embeddable":true,"href":"https:\/\/silenthome.com\/es\/wp-json\/wp\/v2\/product_tag?post=11606"}],"curies":[{"name":"wp","href":"https:\/\/api.w.org\/{rel}","templated":true}]}}