{"id":11601,"date":"2026-04-07T16:16:14","date_gmt":"2026-04-07T15:16:14","guid":{"rendered":"https:\/\/silenthome.com\/produto\/refill-500-ml-les-exclusives-platinum-baobab-collection\/"},"modified":"2026-04-10T18:32:06","modified_gmt":"2026-04-10T17:32:06","slug":"refill-500-ml-les-exclusives-platinum-baobab-collection","status":"publish","type":"product","link":"https:\/\/silenthome.com\/es\/producto\/refill-500-ml-les-exclusives-platinum-baobab-collection\/","title":{"rendered":"Relleno 500 ML Les Exclusives Platinum Baobab Collection"},"content":{"rendered":"","protected":false},"excerpt":{"rendered":"<p>Con este recambio Platino para difusor, la fragancia de su hogar durar\u00e1 m\u00e1s tiempo. Elija entre 2 tama\u00f1os diferentes, dependiendo del tama\u00f1o de su difusor: 500ml o 1L. * Las varillas se venden por separado.<\/p>\n<p>Notas olfativas: \u00c1mbar, Vetiver y Nuez Moscada<\/p>","protected":false},"featured_media":11643,"comment_status":"open","ping_status":"closed","template":"","meta":{"_acf_changed":false},"product_brand":[],"product_cat":[54,52],"product_tag":[],"class_list":{"0":"post-11601","1":"product","2":"type-product","3":"status-publish","4":"has-post-thumbnail","6":"product_cat-difusores","7":"product_cat-fragrancias","9":"first","10":"instock","11":"taxable","12":"shipping-taxable","13":"purchasable","14":"product-type-simple"},"acf":[],"aioseo_notices":[],"_links":{"self":[{"href":"https:\/\/silenthome.com\/es\/wp-json\/wp\/v2\/product\/11601","targetHints":{"allow":["GET"]}}],"collection":[{"href":"https:\/\/silenthome.com\/es\/wp-json\/wp\/v2\/product"}],"about":[{"href":"https:\/\/silenthome.com\/es\/wp-json\/wp\/v2\/types\/product"}],"replies":[{"embeddable":true,"href":"https:\/\/silenthome.com\/es\/wp-json\/wp\/v2\/comments?post=11601"}],"wp:featuredmedia":[{"embeddable":true,"href":"https:\/\/silenthome.com\/es\/wp-json\/wp\/v2\/media\/11643"}],"wp:attachment":[{"href":"https:\/\/silenthome.com\/es\/wp-json\/wp\/v2\/media?parent=11601"}],"wp:term":[{"taxonomy":"product_brand","embeddable":true,"href":"https:\/\/silenthome.com\/es\/wp-json\/wp\/v2\/product_brand?post=11601"},{"taxonomy":"product_cat","embeddable":true,"href":"https:\/\/silenthome.com\/es\/wp-json\/wp\/v2\/product_cat?post=11601"},{"taxonomy":"product_tag","embeddable":true,"href":"https:\/\/silenthome.com\/es\/wp-json\/wp\/v2\/product_tag?post=11601"}],"curies":[{"name":"wp","href":"https:\/\/api.w.org\/{rel}","templated":true}]}}