{"id":11598,"date":"2026-04-07T16:16:12","date_gmt":"2026-04-07T15:16:12","guid":{"rendered":"https:\/\/silenthome.com\/produto\/difusor-stones-marble-500-ml-baobab-collection\/"},"modified":"2026-04-11T12:52:37","modified_gmt":"2026-04-11T11:52:37","slug":"difusor-stones-marble-500-ml-baobab-collection","status":"publish","type":"product","link":"https:\/\/silenthome.com\/es\/producto\/difusor-stones-marble-500-ml-baobab-collection\/","title":{"rendered":"Difusor Piedra M\u00e1rmol 500 ML Colecci\u00f3n Baobab"},"content":{"rendered":"","protected":false},"excerpt":{"rendered":"<p>Los difusores Totem Marble son soplados a mano por nuestros artesanos vidrieros. En referencia a la paleta de colores del m\u00e1rmol precioso, sus tapas de cer\u00e1mica son negras y plateadas, en armon\u00eda con los frascos. Si el encanto del Totem Marble es majestuoso en los frascos de 2 litros o 5 litros, el de 250 ml se convierte en un objeto precioso y art\u00edculo de coleccionista, perfecto para cualquier decoraci\u00f3n.<br \/>\nEl perfume y las varillas est\u00e1n incluidos. .<\/p>\n<p>Notas olfativas: Cuero, Rosa y Ciruela<\/p>","protected":false},"featured_media":11637,"comment_status":"open","ping_status":"closed","template":"","meta":{"_acf_changed":false},"product_brand":[],"product_cat":[54,52],"product_tag":[],"class_list":{"0":"post-11598","1":"product","2":"type-product","3":"status-publish","4":"has-post-thumbnail","6":"product_cat-difusores","7":"product_cat-fragrancias","9":"first","10":"instock","11":"taxable","12":"shipping-taxable","13":"purchasable","14":"product-type-simple"},"acf":[],"aioseo_notices":[],"_links":{"self":[{"href":"https:\/\/silenthome.com\/es\/wp-json\/wp\/v2\/product\/11598","targetHints":{"allow":["GET"]}}],"collection":[{"href":"https:\/\/silenthome.com\/es\/wp-json\/wp\/v2\/product"}],"about":[{"href":"https:\/\/silenthome.com\/es\/wp-json\/wp\/v2\/types\/product"}],"replies":[{"embeddable":true,"href":"https:\/\/silenthome.com\/es\/wp-json\/wp\/v2\/comments?post=11598"}],"wp:featuredmedia":[{"embeddable":true,"href":"https:\/\/silenthome.com\/es\/wp-json\/wp\/v2\/media\/11637"}],"wp:attachment":[{"href":"https:\/\/silenthome.com\/es\/wp-json\/wp\/v2\/media?parent=11598"}],"wp:term":[{"taxonomy":"product_brand","embeddable":true,"href":"https:\/\/silenthome.com\/es\/wp-json\/wp\/v2\/product_brand?post=11598"},{"taxonomy":"product_cat","embeddable":true,"href":"https:\/\/silenthome.com\/es\/wp-json\/wp\/v2\/product_cat?post=11598"},{"taxonomy":"product_tag","embeddable":true,"href":"https:\/\/silenthome.com\/es\/wp-json\/wp\/v2\/product_tag?post=11598"}],"curies":[{"name":"wp","href":"https:\/\/api.w.org\/{rel}","templated":true}]}}