{"id":11596,"date":"2026-04-07T16:16:11","date_gmt":"2026-04-07T15:16:11","guid":{"rendered":"https:\/\/silenthome.com\/produto\/difusor-les-exclusives-platinum-500-ml-baobab-collection\/"},"modified":"2026-04-10T18:32:12","modified_gmt":"2026-04-10T17:32:12","slug":"difusor-les-exclusives-platinum-500-ml-baobab-collection","status":"publish","type":"product","link":"https:\/\/silenthome.com\/es\/producto\/difusor-les-exclusives-platinum-500-ml-baobab-collection\/","title":{"rendered":"Difusor  Les Exclusives Platinum 500 ML Baobab Collection"},"content":{"rendered":"","protected":false},"excerpt":{"rendered":"<p>O difusor de fragr\u00e2ncias Platinum \u00e9 um frasco delicadamente revestido com uma tinta met\u00e1lica que evoca o metal precioso que lhe d\u00e1 nome. Com uma tampa de baquelite preta gravada com um motivo de raiz, este difusor de perfumes \u00e9 um objeto verdadeiramente belo.<br \/>\nEl perfume y las varillas est\u00e1n incluidos. .<br \/>\n19 cm | 500 ml<\/p>\n<p>Notas ofativas: \u00c2mbar, Vetiver e Noz-Moscada<\/p>","protected":false},"featured_media":11632,"comment_status":"open","ping_status":"closed","template":"","meta":{"_acf_changed":false},"product_brand":[],"product_cat":[54,52],"product_tag":[],"class_list":{"0":"post-11596","1":"product","2":"type-product","3":"status-publish","4":"has-post-thumbnail","6":"product_cat-difusores","7":"product_cat-fragrancias","9":"first","10":"instock","11":"taxable","12":"shipping-taxable","13":"purchasable","14":"product-type-simple"},"acf":[],"aioseo_notices":[],"_links":{"self":[{"href":"https:\/\/silenthome.com\/es\/wp-json\/wp\/v2\/product\/11596","targetHints":{"allow":["GET"]}}],"collection":[{"href":"https:\/\/silenthome.com\/es\/wp-json\/wp\/v2\/product"}],"about":[{"href":"https:\/\/silenthome.com\/es\/wp-json\/wp\/v2\/types\/product"}],"replies":[{"embeddable":true,"href":"https:\/\/silenthome.com\/es\/wp-json\/wp\/v2\/comments?post=11596"}],"wp:featuredmedia":[{"embeddable":true,"href":"https:\/\/silenthome.com\/es\/wp-json\/wp\/v2\/media\/11632"}],"wp:attachment":[{"href":"https:\/\/silenthome.com\/es\/wp-json\/wp\/v2\/media?parent=11596"}],"wp:term":[{"taxonomy":"product_brand","embeddable":true,"href":"https:\/\/silenthome.com\/es\/wp-json\/wp\/v2\/product_brand?post=11596"},{"taxonomy":"product_cat","embeddable":true,"href":"https:\/\/silenthome.com\/es\/wp-json\/wp\/v2\/product_cat?post=11596"},{"taxonomy":"product_tag","embeddable":true,"href":"https:\/\/silenthome.com\/es\/wp-json\/wp\/v2\/product_tag?post=11596"}],"curies":[{"name":"wp","href":"https:\/\/api.w.org\/{rel}","templated":true}]}}