{"id":11540,"date":"2026-04-01T16:53:14","date_gmt":"2026-04-01T15:53:14","guid":{"rendered":"https:\/\/silenthome.com\/produto\/vela-perfumada-basil-mandarin-230-gr-cereria-molla-1899\/"},"modified":"2026-04-29T18:27:23","modified_gmt":"2026-04-29T17:27:23","slug":"vela-perfumada-basil-mandarin-230-gr-cereria-molla-1899","status":"publish","type":"product","link":"https:\/\/silenthome.com\/es\/producto\/vela-perfumada-basil-mandarin-230-gr-cereria-molla-1899\/","title":{"rendered":"Vela Perfumada Albahaca y Mandarina 230 gr Cereria Moll\u00e1 1899"},"content":{"rendered":"","protected":false},"excerpt":{"rendered":"<p>Descubra nuestra revitalizante vela arom\u00e1tica de Albahaca y Mandarina, que irradia energ\u00eda y vitalidad con sus notas c\u00edtricas de lim\u00f3n, lima y mandarina, iluminando cualquier ocasi\u00f3n con su frescura efervescente y matices de hiedra y jazm\u00edn blanco.<\/p>\n<p>Esta vela no es solo un accesorio decorativo; es una experiencia olfativa que transforma cualquier ambiente en un oasis de frescura y rejuvenecimiento, recordando la belleza y la vitalidad de la naturaleza a cada delicada exhalaci\u00f3n.<\/p>\n<p>Fabricamos velas utilizando cera de soja vegetal, fragancias derivadas de elementos naturales y mechas 100% algod\u00f3n natural. Tenemos el compromiso de utilizar embalajes reciclables con certificaci\u00f3n FSC (Forest Stewardship Council), garantizando que los materiales provengan de bosques gestionados de forma responsable en todas las etapas de producci\u00f3n.<\/p>\n<p>Notas c\u00edtricas de lim\u00f3n, lima y mandarina con toques de hiedra y jazm\u00edn blanco.<\/p>","protected":false},"featured_media":11589,"comment_status":"open","ping_status":"closed","template":"","meta":{"_acf_changed":false},"product_brand":[],"product_cat":[52,53],"product_tag":[],"class_list":{"0":"post-11540","1":"product","2":"type-product","3":"status-publish","4":"has-post-thumbnail","6":"product_cat-fragrancias","7":"product_cat-velas","9":"first","10":"instock","11":"taxable","12":"shipping-taxable","13":"purchasable","14":"product-type-simple"},"acf":[],"aioseo_notices":[],"_links":{"self":[{"href":"https:\/\/silenthome.com\/es\/wp-json\/wp\/v2\/product\/11540","targetHints":{"allow":["GET"]}}],"collection":[{"href":"https:\/\/silenthome.com\/es\/wp-json\/wp\/v2\/product"}],"about":[{"href":"https:\/\/silenthome.com\/es\/wp-json\/wp\/v2\/types\/product"}],"replies":[{"embeddable":true,"href":"https:\/\/silenthome.com\/es\/wp-json\/wp\/v2\/comments?post=11540"}],"wp:featuredmedia":[{"embeddable":true,"href":"https:\/\/silenthome.com\/es\/wp-json\/wp\/v2\/media\/11589"}],"wp:attachment":[{"href":"https:\/\/silenthome.com\/es\/wp-json\/wp\/v2\/media?parent=11540"}],"wp:term":[{"taxonomy":"product_brand","embeddable":true,"href":"https:\/\/silenthome.com\/es\/wp-json\/wp\/v2\/product_brand?post=11540"},{"taxonomy":"product_cat","embeddable":true,"href":"https:\/\/silenthome.com\/es\/wp-json\/wp\/v2\/product_cat?post=11540"},{"taxonomy":"product_tag","embeddable":true,"href":"https:\/\/silenthome.com\/es\/wp-json\/wp\/v2\/product_tag?post=11540"}],"curies":[{"name":"wp","href":"https:\/\/api.w.org\/{rel}","templated":true}]}}