{"id":11533,"date":"2026-04-01T16:53:09","date_gmt":"2026-04-01T15:53:09","guid":{"rendered":"https:\/\/silenthome.com\/produto\/incenso-basil-mandarin-20-unidades-cereria-molla-1899\/"},"modified":"2026-04-22T14:26:00","modified_gmt":"2026-04-22T13:26:00","slug":"incenso-basil-mandarin-20-unidades-cereria-molla-1899","status":"publish","type":"product","link":"https:\/\/silenthome.com\/es\/producto\/incenso-basil-mandarin-20-unidades-cereria-molla-1899\/","title":{"rendered":"Incienso Albahaca y Mandarina, 20 unidades Cereria Moll\u00e1 1899"},"content":{"rendered":"","protected":false},"excerpt":{"rendered":"<p>Deixe-se levar por uma viagem sensorial rumo \u00e0 tranquilidade da costa mediterr\u00e2nea com o nosso incenso de manjeric\u00e3o e tangerina.<\/p>\n<p>Cada embalagem cont\u00e9m 20 varetas de bambu requintadas, impregnadas com uma fragr\u00e2ncia cativante, meticulosamente elaboradas para encantar os seus sentidos e transformar o ambiente em um o\u00e1sis de serenidade.<\/p>\n<p>Imagine a explos\u00e3o de frescor c\u00edtrico: bergamota, tangerina, laranja, lim\u00e3o e lima que te recebem ao acender um dos nossos incensos, como se voc\u00ea estivesse passeando por um exuberante pomar de c\u00edtricos em pleno ver\u00e3o. Essas notas de topo te despertam e te enchem de alegria e vitalidade, preparando voc\u00ea para um dia cheio de energia.<\/p>\n<p>\u00c0 medida que a fragr\u00e2ncia se desenvolve, as notas florais e arom\u00e1ticas do manjeric\u00e3o se desdobram, juntamente com o frescor verde da hera e a suavidade do jasmim branco, criando uma atmosfera harmoniosa.<\/p>\n<p>E quando voc\u00ea pensa que a experi\u00eancia n\u00e3o pode ficar mais estimulante, surge o abra\u00e7o acolhedor das notas de fundo, onde o cardamomo picante e o elegante Chypre adicionam sofistica\u00e7\u00e3o \u00e0 fragr\u00e2ncia.<\/p>\n<p>Descubra como o nosso incenso pode transformar o seu espa\u00e7o num santu\u00e1rio de calma e beleza.<\/p>\n<p>Notas c\u00edtricas de lim\u00f3n, lima y mandarina con toques de hiedra y jazm\u00edn blanco.<\/p>","protected":false},"featured_media":11593,"comment_status":"open","ping_status":"closed","template":"","meta":{"_acf_changed":false},"product_brand":[],"product_cat":[52,125],"product_tag":[],"class_list":{"0":"post-11533","1":"product","2":"type-product","3":"status-publish","4":"has-post-thumbnail","6":"product_cat-fragrancias","7":"product_cat-incensos","9":"first","10":"instock","11":"taxable","12":"shipping-taxable","13":"purchasable","14":"product-type-simple"},"acf":[],"aioseo_notices":[],"_links":{"self":[{"href":"https:\/\/silenthome.com\/es\/wp-json\/wp\/v2\/product\/11533","targetHints":{"allow":["GET"]}}],"collection":[{"href":"https:\/\/silenthome.com\/es\/wp-json\/wp\/v2\/product"}],"about":[{"href":"https:\/\/silenthome.com\/es\/wp-json\/wp\/v2\/types\/product"}],"replies":[{"embeddable":true,"href":"https:\/\/silenthome.com\/es\/wp-json\/wp\/v2\/comments?post=11533"}],"wp:featuredmedia":[{"embeddable":true,"href":"https:\/\/silenthome.com\/es\/wp-json\/wp\/v2\/media\/11593"}],"wp:attachment":[{"href":"https:\/\/silenthome.com\/es\/wp-json\/wp\/v2\/media?parent=11533"}],"wp:term":[{"taxonomy":"product_brand","embeddable":true,"href":"https:\/\/silenthome.com\/es\/wp-json\/wp\/v2\/product_brand?post=11533"},{"taxonomy":"product_cat","embeddable":true,"href":"https:\/\/silenthome.com\/es\/wp-json\/wp\/v2\/product_cat?post=11533"},{"taxonomy":"product_tag","embeddable":true,"href":"https:\/\/silenthome.com\/es\/wp-json\/wp\/v2\/product_tag?post=11533"}],"curies":[{"name":"wp","href":"https:\/\/api.w.org\/{rel}","templated":true}]}}