{"id":11532,"date":"2026-04-01T16:53:09","date_gmt":"2026-04-01T15:53:09","guid":{"rendered":"https:\/\/silenthome.com\/produto\/sabonete-liquido-basil-mandarin-500ml-cerereia-molla-1899\/"},"modified":"2026-04-22T14:25:59","modified_gmt":"2026-04-22T13:25:59","slug":"sabonete-liquido-basil-mandarin-500ml-cerereia-molla-1899","status":"publish","type":"product","link":"https:\/\/silenthome.com\/es\/producto\/sabonete-liquido-basil-mandarin-500ml-cerereia-molla-1899\/","title":{"rendered":"Jab\u00f3n l\u00edquido albahaca y mandarina 500 ml Cereria Moli\u00e1 1899"},"content":{"rendered":"","protected":false},"excerpt":{"rendered":"<p>Disfruta de una limpieza revitalizante con nuestro jab\u00f3n l\u00edquido para cuerpo y manos de 500 ml, enriquecido con los poderosos beneficios de la ch\u00eda, el ginseng y la manteca de karit\u00e9.<\/p>\n<p>Esta f\u00f3rmula exquisita est\u00e1 libre de aceites minerales y siliconas, proporcionando una limpieza suave mientras deja tu piel irresistiblemente perfumada con una fragancia explosiva y llena de vitalidad. Las notas c\u00edtricas de lim\u00f3n, lima y mandarina te transportan a un jard\u00edn soleado, mientras que toques de hiedra y jazm\u00edn blanco a\u00f1aden un aire de frescor y elegancia.<\/p>\n<p>Presentado en una elegante botella de pl\u00e1stico con dispensador, este jab\u00f3n perfumado es un complemento esencial para tu rutina diaria de cuidado corporal.<\/p>\n<p>Notas c\u00edtricas de lim\u00f3n, lima y mandarina con toques de hiedra y jazm\u00edn blanco.<\/p>","protected":false},"featured_media":11586,"comment_status":"open","ping_status":"closed","template":"","meta":{"_acf_changed":false},"product_brand":[],"product_cat":[57,52],"product_tag":[],"class_list":{"0":"post-11532","1":"product","2":"type-product","3":"status-publish","4":"has-post-thumbnail","6":"product_cat-cosmeticos","7":"product_cat-fragrancias","9":"first","10":"instock","11":"taxable","12":"shipping-taxable","13":"purchasable","14":"product-type-simple"},"acf":[],"aioseo_notices":[],"_links":{"self":[{"href":"https:\/\/silenthome.com\/es\/wp-json\/wp\/v2\/product\/11532","targetHints":{"allow":["GET"]}}],"collection":[{"href":"https:\/\/silenthome.com\/es\/wp-json\/wp\/v2\/product"}],"about":[{"href":"https:\/\/silenthome.com\/es\/wp-json\/wp\/v2\/types\/product"}],"replies":[{"embeddable":true,"href":"https:\/\/silenthome.com\/es\/wp-json\/wp\/v2\/comments?post=11532"}],"wp:featuredmedia":[{"embeddable":true,"href":"https:\/\/silenthome.com\/es\/wp-json\/wp\/v2\/media\/11586"}],"wp:attachment":[{"href":"https:\/\/silenthome.com\/es\/wp-json\/wp\/v2\/media?parent=11532"}],"wp:term":[{"taxonomy":"product_brand","embeddable":true,"href":"https:\/\/silenthome.com\/es\/wp-json\/wp\/v2\/product_brand?post=11532"},{"taxonomy":"product_cat","embeddable":true,"href":"https:\/\/silenthome.com\/es\/wp-json\/wp\/v2\/product_cat?post=11532"},{"taxonomy":"product_tag","embeddable":true,"href":"https:\/\/silenthome.com\/es\/wp-json\/wp\/v2\/product_tag?post=11532"}],"curies":[{"name":"wp","href":"https:\/\/api.w.org\/{rel}","templated":true}]}}