{"id":11443,"date":"2026-03-27T15:19:02","date_gmt":"2026-03-27T15:19:02","guid":{"rendered":"https:\/\/silenthome.com\/produto\/funkie-vaso-decorativo-azul\/"},"modified":"2026-03-27T18:44:53","modified_gmt":"2026-03-27T18:44:53","slug":"funkie-vaso-decorativo-azul","status":"publish","type":"product","link":"https:\/\/silenthome.com\/es\/producto\/funkie-vaso-decorativo-azul\/","title":{"rendered":"Funkie, Jarr\u00f3n decorativo azul"},"content":{"rendered":"","protected":false},"excerpt":{"rendered":"<p>Este vaso decorativo azul se destaca por su dise\u00f1o gr\u00e1fico atrevido y contempor\u00e1neo. Perfecto como pieza central o elemento complementario, funciona tanto con flores como en exposici\u00f3n aislada.<\/p>\n<p>Una elecci\u00f3n ideal para quien busca a\u00f1adir color, personalidad y modernidad a la decoraci\u00f3n.<\/p>","protected":false},"featured_media":11456,"comment_status":"open","ping_status":"closed","template":"","meta":{"_acf_changed":false},"product_brand":[],"product_cat":[73,168,83],"product_tag":[],"class_list":{"0":"post-11443","1":"product","2":"type-product","3":"status-publish","4":"has-post-thumbnail","6":"product_cat-decoracao","7":"product_cat-jarra-e-vasos","8":"product_cat-jarras","10":"first","11":"instock","12":"taxable","13":"shipping-taxable","14":"purchasable","15":"product-type-simple"},"acf":[],"aioseo_notices":[],"_links":{"self":[{"href":"https:\/\/silenthome.com\/es\/wp-json\/wp\/v2\/product\/11443","targetHints":{"allow":["GET"]}}],"collection":[{"href":"https:\/\/silenthome.com\/es\/wp-json\/wp\/v2\/product"}],"about":[{"href":"https:\/\/silenthome.com\/es\/wp-json\/wp\/v2\/types\/product"}],"replies":[{"embeddable":true,"href":"https:\/\/silenthome.com\/es\/wp-json\/wp\/v2\/comments?post=11443"}],"wp:featuredmedia":[{"embeddable":true,"href":"https:\/\/silenthome.com\/es\/wp-json\/wp\/v2\/media\/11456"}],"wp:attachment":[{"href":"https:\/\/silenthome.com\/es\/wp-json\/wp\/v2\/media?parent=11443"}],"wp:term":[{"taxonomy":"product_brand","embeddable":true,"href":"https:\/\/silenthome.com\/es\/wp-json\/wp\/v2\/product_brand?post=11443"},{"taxonomy":"product_cat","embeddable":true,"href":"https:\/\/silenthome.com\/es\/wp-json\/wp\/v2\/product_cat?post=11443"},{"taxonomy":"product_tag","embeddable":true,"href":"https:\/\/silenthome.com\/es\/wp-json\/wp\/v2\/product_tag?post=11443"}],"curies":[{"name":"wp","href":"https:\/\/api.w.org\/{rel}","templated":true}]}}