{"id":11430,"date":"2026-03-20T14:28:54","date_gmt":"2026-03-20T14:28:54","guid":{"rendered":"https:\/\/silenthome.com\/?post_type=product&#038;p=11430"},"modified":"2026-04-23T19:22:31","modified_gmt":"2026-04-23T18:22:31","slug":"tom-ford-002-livro","status":"publish","type":"product","link":"https:\/\/silenthome.com\/es\/producto\/tom-ford-002-livro\/","title":{"rendered":"Tom Ford 002, Libro"},"content":{"rendered":"<p>Icono de la moda y provocador, el dise\u00f1ador estadounidense Tom Ford presenta su esperado segundo libro, que lleva a los lectores por la ilustre trayectoria de su multimillonario imperio del lujo, fundado en 2005. Sin\u00f3nimo de glamour exuberante, sensualidad opulenta y moda atrevida, Tom Ford es un dise\u00f1ador ic\u00f3nico cuya marca hom\u00f3nima cuenta con devotos seguidores en todo el mundo, desde Mil\u00e1n y Nueva Delhi hasta Shangai y Nueva York. Diecisiete a\u00f1os despu\u00e9s de la publicaci\u00f3n de su primer libro, Tom Ford (2004), un \u00e9xito de ventas que detallaba su carrera como director creativo de la casa de moda italiana Gucci, este segundo volumen es una oda visual a la marca hom\u00f3nima de Ford, creada en 2005, que abarca cosm\u00e9ticos, gafas, moda masculina y su aclamada l\u00ednea femenina. El renombrado dise\u00f1ador no s\u00f3lo ha catapultado su marca a las m\u00e1s altas esferas del mundo de la moda -recibiendo premios del Consejo de Dise\u00f1adores de Moda de Am\u00e9rica y el t\u00edtulo de Mejor Dise\u00f1ador del A\u00f1o por la revista Time-, sino que tambi\u00e9n ha captado la atenci\u00f3n de Hollywood al contar en sus desfiles y campa\u00f1as publicitarias con fieles seguidores de la lista A como Julianne Moore, Lauren Hutton, Pat Cleveland y Nicholas Hoult. Este volumen magn\u00edficamente empaquetado incluye impresionantes im\u00e1genes de la ropa y los accesorios creados por Ford, editoriales de moda con modelos de renombre como Gigi Hadid, Joan Smalls, Mica Arga\u00f1araz y Jon Kortajarena, y sus ic\u00f3nicas campa\u00f1as publicitarias de fuerte carga sexual, fotografiadas por artistas de la talla de Inez \u2018Vinoodh, Nick Knight, Steven Meisel y Mert &amp; Marcus. Impreso con materiales aprobados por el Forest Stewardship Council y editado personalmente por Ford, este volumen refleja su gusto excepcional y su innegable est\u00e9tica sensual, y es una aut\u00e9ntica pieza de coleccionista para sus admiradores y conocedores de la moda, el estilo y el dise\u00f1o.<\/p>","protected":false},"excerpt":{"rendered":"<p>\u00cdcone da moda e provocante, o estilista americano Tom Ford nos apresenta seu aguardado segundo livro, que leva os leitores a uma jornada pela trajet\u00f3ria ilustre de seu imp\u00e9rio de luxo bilion\u00e1rio, fundado em 2005. Sin\u00f4nimo de glamour exuberante, sensualidade opulenta e moda ousada, Tom Ford \u00e9 um estilista ic\u00f4nico cuja marca hom\u00f4nima possui seguidores [&hellip;]<\/p>\n","protected":false},"featured_media":11431,"comment_status":"open","ping_status":"closed","template":"","meta":{"_acf_changed":false},"product_brand":[],"product_cat":[113],"product_tag":[],"class_list":{"0":"post-11430","1":"product","2":"type-product","3":"status-publish","4":"has-post-thumbnail","6":"product_cat-livros","8":"first","9":"instock","10":"taxable","11":"shipping-taxable","12":"purchasable","13":"product-type-simple"},"acf":[],"aioseo_notices":[],"_links":{"self":[{"href":"https:\/\/silenthome.com\/es\/wp-json\/wp\/v2\/product\/11430","targetHints":{"allow":["GET"]}}],"collection":[{"href":"https:\/\/silenthome.com\/es\/wp-json\/wp\/v2\/product"}],"about":[{"href":"https:\/\/silenthome.com\/es\/wp-json\/wp\/v2\/types\/product"}],"replies":[{"embeddable":true,"href":"https:\/\/silenthome.com\/es\/wp-json\/wp\/v2\/comments?post=11430"}],"wp:featuredmedia":[{"embeddable":true,"href":"https:\/\/silenthome.com\/es\/wp-json\/wp\/v2\/media\/11431"}],"wp:attachment":[{"href":"https:\/\/silenthome.com\/es\/wp-json\/wp\/v2\/media?parent=11430"}],"wp:term":[{"taxonomy":"product_brand","embeddable":true,"href":"https:\/\/silenthome.com\/es\/wp-json\/wp\/v2\/product_brand?post=11430"},{"taxonomy":"product_cat","embeddable":true,"href":"https:\/\/silenthome.com\/es\/wp-json\/wp\/v2\/product_cat?post=11430"},{"taxonomy":"product_tag","embeddable":true,"href":"https:\/\/silenthome.com\/es\/wp-json\/wp\/v2\/product_tag?post=11430"}],"curies":[{"name":"wp","href":"https:\/\/api.w.org\/{rel}","templated":true}]}}