{"id":11420,"date":"2026-03-20T11:58:09","date_gmt":"2026-03-20T11:58:09","guid":{"rendered":"https:\/\/silenthome.com\/produto\/adriatico-livro\/"},"modified":"2026-04-23T19:16:03","modified_gmt":"2026-04-23T18:16:03","slug":"adriatico-livro","status":"publish","type":"product","link":"https:\/\/silenthome.com\/es\/producto\/adriatico-livro\/","title":{"rendered":"Adri\u00e1tico, Libro"},"content":{"rendered":"","protected":false},"excerpt":{"rendered":"<p>Un viaje gastron\u00f3mico por la costa adri\u00e1tica de Italia para descubrir platos aut\u00e9nticos fuera de las rutas tur\u00edsticas tradicionales.<\/p>\n<p>La costa italiana del Mar Adri\u00e1tico se extiende desde la punta de la pen\u00ednsula con forma de bota, en el Mar J\u00f3nico, hasta las aguas del norte del Golfo de Trieste. A lo largo de su extensi\u00f3n, se encuentran costas rocosas y escarpadas, tramos de arena, lagunas y marismas. M\u00ednimos muelles de pesca de madera, muros encalados, coloridos pueblos y plazas frente al mar salpican los 1.200 kil\u00f3metros de costa, con una historia marcada por las influencias etrusca, griega, romana, veneciana y austriaca.<\/p>\n<p>La cocina del Adri\u00e1tico refleja los recuerdos y tradiciones de los pueblos del pasado y del presente que vivieron en sus orillas, con ingredientes que reflejan el clima y el terreno. \u00danete a Paola en este hermoso viaje.<\/p>","protected":false},"featured_media":11421,"comment_status":"open","ping_status":"closed","template":"","meta":{"_acf_changed":false},"product_brand":[],"product_cat":[113],"product_tag":[],"class_list":{"0":"post-11420","1":"product","2":"type-product","3":"status-publish","4":"has-post-thumbnail","6":"product_cat-livros","8":"first","9":"instock","10":"taxable","11":"shipping-taxable","12":"purchasable","13":"product-type-simple"},"acf":[],"aioseo_notices":[],"_links":{"self":[{"href":"https:\/\/silenthome.com\/es\/wp-json\/wp\/v2\/product\/11420","targetHints":{"allow":["GET"]}}],"collection":[{"href":"https:\/\/silenthome.com\/es\/wp-json\/wp\/v2\/product"}],"about":[{"href":"https:\/\/silenthome.com\/es\/wp-json\/wp\/v2\/types\/product"}],"replies":[{"embeddable":true,"href":"https:\/\/silenthome.com\/es\/wp-json\/wp\/v2\/comments?post=11420"}],"wp:featuredmedia":[{"embeddable":true,"href":"https:\/\/silenthome.com\/es\/wp-json\/wp\/v2\/media\/11421"}],"wp:attachment":[{"href":"https:\/\/silenthome.com\/es\/wp-json\/wp\/v2\/media?parent=11420"}],"wp:term":[{"taxonomy":"product_brand","embeddable":true,"href":"https:\/\/silenthome.com\/es\/wp-json\/wp\/v2\/product_brand?post=11420"},{"taxonomy":"product_cat","embeddable":true,"href":"https:\/\/silenthome.com\/es\/wp-json\/wp\/v2\/product_cat?post=11420"},{"taxonomy":"product_tag","embeddable":true,"href":"https:\/\/silenthome.com\/es\/wp-json\/wp\/v2\/product_tag?post=11420"}],"curies":[{"name":"wp","href":"https:\/\/api.w.org\/{rel}","templated":true}]}}