{"id":11419,"date":"2026-03-20T11:58:08","date_gmt":"2026-03-20T11:58:08","guid":{"rendered":"https:\/\/silenthome.com\/produto\/a-week-abroad-alentejo-livro\/"},"modified":"2026-04-23T19:16:04","modified_gmt":"2026-04-23T18:16:04","slug":"a-week-abroad-alentejo-livro","status":"publish","type":"product","link":"https:\/\/silenthome.com\/es\/producto\/a-week-abroad-alentejo-livro\/","title":{"rendered":"Una Semana en el Extranjero Alentejo, Libro"},"content":{"rendered":"","protected":false},"excerpt":{"rendered":"<p>En este n\u00famero, le invitamos a descubrir la regi\u00f3n del Alentejo a trav\u00e9s de los ojos de siete fascinantes personajes locales: el arquitecto Manuel Aires Mateus, el gerente de un taller de tejidos tradicionales, el fundador de un hotel atemporal perdido entre vi\u00f1edos, un l\u00edder comunitario, un productor de aceite de oliva, un chef y un panadero. Descubra sus retratos y todas sus direcciones secretas, de Lisboa a \u00c9vora, pasando por Comporta y Beja.<\/p>\n<p>Productos locales excepcionales, deliciosos restaurantes, artesan\u00eda tradicional, paisajes salvajes y tesoros naturales: conozca los lugares de los que le habr\u00e1n hablado sus amigos de todo el mundo.<\/p>\n<p>Encontrar\u00e1 145 p\u00e1ginas de entrevistas y direcciones, adem\u00e1s de un mapa ilustrado extra\u00edble que le acompa\u00f1ar\u00e1 a todas partes para vivir una semana como un lugare\u00f1o m\u00e1s.<\/p>\n<p>Un libro y una gu\u00eda de viajes dedicados a viajar de forma diferente y a promover las econom\u00edas locales e independientes.<\/p>","protected":false},"featured_media":11426,"comment_status":"open","ping_status":"closed","template":"","meta":{"_acf_changed":false},"product_brand":[],"product_cat":[113],"product_tag":[],"class_list":{"0":"post-11419","1":"product","2":"type-product","3":"status-publish","4":"has-post-thumbnail","6":"product_cat-livros","8":"first","9":"instock","10":"taxable","11":"shipping-taxable","12":"purchasable","13":"product-type-simple"},"acf":[],"aioseo_notices":[],"_links":{"self":[{"href":"https:\/\/silenthome.com\/es\/wp-json\/wp\/v2\/product\/11419","targetHints":{"allow":["GET"]}}],"collection":[{"href":"https:\/\/silenthome.com\/es\/wp-json\/wp\/v2\/product"}],"about":[{"href":"https:\/\/silenthome.com\/es\/wp-json\/wp\/v2\/types\/product"}],"replies":[{"embeddable":true,"href":"https:\/\/silenthome.com\/es\/wp-json\/wp\/v2\/comments?post=11419"}],"wp:featuredmedia":[{"embeddable":true,"href":"https:\/\/silenthome.com\/es\/wp-json\/wp\/v2\/media\/11426"}],"wp:attachment":[{"href":"https:\/\/silenthome.com\/es\/wp-json\/wp\/v2\/media?parent=11419"}],"wp:term":[{"taxonomy":"product_brand","embeddable":true,"href":"https:\/\/silenthome.com\/es\/wp-json\/wp\/v2\/product_brand?post=11419"},{"taxonomy":"product_cat","embeddable":true,"href":"https:\/\/silenthome.com\/es\/wp-json\/wp\/v2\/product_cat?post=11419"},{"taxonomy":"product_tag","embeddable":true,"href":"https:\/\/silenthome.com\/es\/wp-json\/wp\/v2\/product_tag?post=11419"}],"curies":[{"name":"wp","href":"https:\/\/api.w.org\/{rel}","templated":true}]}}