{"id":11256,"date":"2026-03-06T19:16:14","date_gmt":"2026-03-06T19:16:14","guid":{"rendered":"https:\/\/silenthome.com\/produto\/forms-ii-quadro-decorativo-83x45x123\/"},"modified":"2026-03-10T14:28:47","modified_gmt":"2026-03-10T14:28:47","slug":"forms-ii-quadro-decorativo-83x45x123","status":"publish","type":"product","link":"https:\/\/silenthome.com\/es\/producto\/forms-ii-quadro-decorativo-83x45x123\/","title":{"rendered":"FORMAS II, TABLERO DECORATIVO 83X4,5X123"},"content":{"rendered":"","protected":false},"excerpt":{"rendered":"<p>La colecci\u00f3n Forms explora formas abstractas que crean una est\u00e9tica contempor\u00e1nea y art\u00edstica. Su equilibrada composici\u00f3n aporta dinamismo y sofisticaci\u00f3n al espacio. Con su moderno dise\u00f1o abstracto, sus elegantes l\u00edneas y su fuerte presencia decorativa, transforma cualquier pared en un punto focal.<\/p>","protected":false},"featured_media":11373,"comment_status":"open","ping_status":"closed","template":"","meta":{"_acf_changed":false},"product_brand":[],"product_cat":[71],"product_tag":[],"class_list":{"0":"post-11256","1":"product","2":"type-product","3":"status-publish","4":"has-post-thumbnail","6":"product_cat-arte","8":"first","9":"instock","10":"taxable","11":"shipping-taxable","12":"purchasable","13":"product-type-simple"},"acf":[],"aioseo_notices":[],"_links":{"self":[{"href":"https:\/\/silenthome.com\/es\/wp-json\/wp\/v2\/product\/11256","targetHints":{"allow":["GET"]}}],"collection":[{"href":"https:\/\/silenthome.com\/es\/wp-json\/wp\/v2\/product"}],"about":[{"href":"https:\/\/silenthome.com\/es\/wp-json\/wp\/v2\/types\/product"}],"replies":[{"embeddable":true,"href":"https:\/\/silenthome.com\/es\/wp-json\/wp\/v2\/comments?post=11256"}],"wp:featuredmedia":[{"embeddable":true,"href":"https:\/\/silenthome.com\/es\/wp-json\/wp\/v2\/media\/11373"}],"wp:attachment":[{"href":"https:\/\/silenthome.com\/es\/wp-json\/wp\/v2\/media?parent=11256"}],"wp:term":[{"taxonomy":"product_brand","embeddable":true,"href":"https:\/\/silenthome.com\/es\/wp-json\/wp\/v2\/product_brand?post=11256"},{"taxonomy":"product_cat","embeddable":true,"href":"https:\/\/silenthome.com\/es\/wp-json\/wp\/v2\/product_cat?post=11256"},{"taxonomy":"product_tag","embeddable":true,"href":"https:\/\/silenthome.com\/es\/wp-json\/wp\/v2\/product_tag?post=11256"}],"curies":[{"name":"wp","href":"https:\/\/api.w.org\/{rel}","templated":true}]}}