{"id":11255,"date":"2026-03-06T19:16:13","date_gmt":"2026-03-06T19:16:13","guid":{"rendered":"https:\/\/silenthome.com\/produto\/forms-i-quadro-decorativo-83x45x123\/"},"modified":"2026-03-14T17:59:54","modified_gmt":"2026-03-14T17:59:54","slug":"forms-i-quadro-decorativo-83x45x123","status":"publish","type":"product","link":"https:\/\/silenthome.com\/es\/producto\/forms-i-quadro-decorativo-83x45x123\/","title":{"rendered":"FORMAS I, CUADRO DECORATIVO 83X4,5X123"},"content":{"rendered":"","protected":false},"excerpt":{"rendered":"<p>La colecci\u00f3n Forms explora formas abstractas que crean una est\u00e9tica contempor\u00e1nea y art\u00edstica. Su equilibrada composici\u00f3n aporta dinamismo y sofisticaci\u00f3n al espacio. Con su moderno dise\u00f1o abstracto, sus elegantes l\u00edneas y su fuerte presencia decorativa, transforma cualquier pared en un punto focal.<\/p>","protected":false},"featured_media":11372,"comment_status":"open","ping_status":"closed","template":"","meta":{"_acf_changed":false},"product_brand":[],"product_cat":[71],"product_tag":[],"class_list":{"0":"post-11255","1":"product","2":"type-product","3":"status-publish","4":"has-post-thumbnail","6":"product_cat-arte","8":"first","9":"outofstock","10":"taxable","11":"shipping-taxable","12":"purchasable","13":"product-type-simple"},"acf":[],"aioseo_notices":[],"_links":{"self":[{"href":"https:\/\/silenthome.com\/es\/wp-json\/wp\/v2\/product\/11255","targetHints":{"allow":["GET"]}}],"collection":[{"href":"https:\/\/silenthome.com\/es\/wp-json\/wp\/v2\/product"}],"about":[{"href":"https:\/\/silenthome.com\/es\/wp-json\/wp\/v2\/types\/product"}],"replies":[{"embeddable":true,"href":"https:\/\/silenthome.com\/es\/wp-json\/wp\/v2\/comments?post=11255"}],"wp:featuredmedia":[{"embeddable":true,"href":"https:\/\/silenthome.com\/es\/wp-json\/wp\/v2\/media\/11372"}],"wp:attachment":[{"href":"https:\/\/silenthome.com\/es\/wp-json\/wp\/v2\/media?parent=11255"}],"wp:term":[{"taxonomy":"product_brand","embeddable":true,"href":"https:\/\/silenthome.com\/es\/wp-json\/wp\/v2\/product_brand?post=11255"},{"taxonomy":"product_cat","embeddable":true,"href":"https:\/\/silenthome.com\/es\/wp-json\/wp\/v2\/product_cat?post=11255"},{"taxonomy":"product_tag","embeddable":true,"href":"https:\/\/silenthome.com\/es\/wp-json\/wp\/v2\/product_tag?post=11255"}],"curies":[{"name":"wp","href":"https:\/\/api.w.org\/{rel}","templated":true}]}}