{"id":11253,"date":"2026-03-06T19:16:12","date_gmt":"2026-03-06T19:16:12","guid":{"rendered":"https:\/\/silenthome.com\/produto\/circles-cinzento-quadro-decorativo-90x35x120\/"},"modified":"2026-03-10T14:29:29","modified_gmt":"2026-03-10T14:29:29","slug":"circles-cinzento-quadro-decorativo-90x35x120","status":"publish","type":"product","link":"https:\/\/silenthome.com\/es\/producto\/circles-cinzento-quadro-decorativo-90x35x120\/","title":{"rendered":"C\u00cdRCULOS GRIS, TABLERO DECORATIVO 90X3,5X120"},"content":{"rendered":"","protected":false},"excerpt":{"rendered":"<p>El marco Circles presenta una elegante composici\u00f3n geom\u00e9trica que crea movimiento e inter\u00e9s visual. Los tonos neutros permiten que la pieza se integre f\u00e1cilmente en diferentes estilos de decoraci\u00f3n. Con su moderno dise\u00f1o geom\u00e9trico, su sofisticada paleta neutra y su equilibrio visual, es ideal para realzar grandes paredes.<\/p>","protected":false},"featured_media":11359,"comment_status":"open","ping_status":"closed","template":"","meta":{"_acf_changed":false},"product_brand":[],"product_cat":[71],"product_tag":[],"class_list":{"0":"post-11253","1":"product","2":"type-product","3":"status-publish","4":"has-post-thumbnail","6":"product_cat-arte","8":"first","9":"instock","10":"taxable","11":"shipping-taxable","12":"purchasable","13":"product-type-simple"},"acf":[],"aioseo_notices":[],"_links":{"self":[{"href":"https:\/\/silenthome.com\/es\/wp-json\/wp\/v2\/product\/11253","targetHints":{"allow":["GET"]}}],"collection":[{"href":"https:\/\/silenthome.com\/es\/wp-json\/wp\/v2\/product"}],"about":[{"href":"https:\/\/silenthome.com\/es\/wp-json\/wp\/v2\/types\/product"}],"replies":[{"embeddable":true,"href":"https:\/\/silenthome.com\/es\/wp-json\/wp\/v2\/comments?post=11253"}],"wp:featuredmedia":[{"embeddable":true,"href":"https:\/\/silenthome.com\/es\/wp-json\/wp\/v2\/media\/11359"}],"wp:attachment":[{"href":"https:\/\/silenthome.com\/es\/wp-json\/wp\/v2\/media?parent=11253"}],"wp:term":[{"taxonomy":"product_brand","embeddable":true,"href":"https:\/\/silenthome.com\/es\/wp-json\/wp\/v2\/product_brand?post=11253"},{"taxonomy":"product_cat","embeddable":true,"href":"https:\/\/silenthome.com\/es\/wp-json\/wp\/v2\/product_cat?post=11253"},{"taxonomy":"product_tag","embeddable":true,"href":"https:\/\/silenthome.com\/es\/wp-json\/wp\/v2\/product_tag?post=11253"}],"curies":[{"name":"wp","href":"https:\/\/api.w.org\/{rel}","templated":true}]}}