{"id":11250,"date":"2026-03-06T19:16:10","date_gmt":"2026-03-06T19:16:10","guid":{"rendered":"https:\/\/silenthome.com\/produto\/streets-ii-quadro-decorativo-1226x43x1826\/"},"modified":"2026-03-10T14:29:59","modified_gmt":"2026-03-10T14:29:59","slug":"streets-ii-quadro-decorativo-1226x43x1826","status":"publish","type":"product","link":"https:\/\/silenthome.com\/es\/producto\/streets-ii-quadro-decorativo-1226x43x1826\/","title":{"rendered":"CALLES II, TABLERO DECORATIVO 122,6X4,3X182,6"},"content":{"rendered":"","protected":false},"excerpt":{"rendered":"<p>La colecci\u00f3n Streets presenta una llamativa composici\u00f3n art\u00edstica que aporta dinamismo y personalidad a las paredes. La escala de la pieza crea un efecto visual impactante en cualquier espacio. Con su imponente tama\u00f1o, dise\u00f1o art\u00edstico contempor\u00e1neo y fuerte presencia decorativa, transforma el ambiente con elegancia.<\/p>","protected":false},"featured_media":11365,"comment_status":"open","ping_status":"closed","template":"","meta":{"_acf_changed":false},"product_brand":[],"product_cat":[71],"product_tag":[],"class_list":{"0":"post-11250","1":"product","2":"type-product","3":"status-publish","4":"has-post-thumbnail","6":"product_cat-arte","8":"first","9":"instock","10":"taxable","11":"shipping-taxable","12":"purchasable","13":"product-type-simple"},"acf":[],"aioseo_notices":[],"_links":{"self":[{"href":"https:\/\/silenthome.com\/es\/wp-json\/wp\/v2\/product\/11250","targetHints":{"allow":["GET"]}}],"collection":[{"href":"https:\/\/silenthome.com\/es\/wp-json\/wp\/v2\/product"}],"about":[{"href":"https:\/\/silenthome.com\/es\/wp-json\/wp\/v2\/types\/product"}],"replies":[{"embeddable":true,"href":"https:\/\/silenthome.com\/es\/wp-json\/wp\/v2\/comments?post=11250"}],"wp:featuredmedia":[{"embeddable":true,"href":"https:\/\/silenthome.com\/es\/wp-json\/wp\/v2\/media\/11365"}],"wp:attachment":[{"href":"https:\/\/silenthome.com\/es\/wp-json\/wp\/v2\/media?parent=11250"}],"wp:term":[{"taxonomy":"product_brand","embeddable":true,"href":"https:\/\/silenthome.com\/es\/wp-json\/wp\/v2\/product_brand?post=11250"},{"taxonomy":"product_cat","embeddable":true,"href":"https:\/\/silenthome.com\/es\/wp-json\/wp\/v2\/product_cat?post=11250"},{"taxonomy":"product_tag","embeddable":true,"href":"https:\/\/silenthome.com\/es\/wp-json\/wp\/v2\/product_tag?post=11250"}],"curies":[{"name":"wp","href":"https:\/\/api.w.org\/{rel}","templated":true}]}}