{"id":11247,"date":"2026-03-06T19:16:08","date_gmt":"2026-03-06T19:16:08","guid":{"rendered":"https:\/\/silenthome.com\/produto\/still-there-quadro-decorativo-bege-100x4x100\/"},"modified":"2026-03-10T14:56:24","modified_gmt":"2026-03-10T14:56:24","slug":"still-there-quadro-decorativo-bege-100x4x100","status":"publish","type":"product","link":"https:\/\/silenthome.com\/es\/producto\/still-there-quadro-decorativo-bege-100x4x100\/","title":{"rendered":"TODAV\u00cdA ALL\u00cd, TABLERO DECORATIVO BEIGE 100X4X100"},"content":{"rendered":"","protected":false},"excerpt":{"rendered":"<p>Los cuadros Still There y Still Here destacan por su est\u00e9tica minimalista y su elegante color beige. La sencillez de la composici\u00f3n crea equilibrio y serenidad en la decoraci\u00f3n. Con su dise\u00f1o contempor\u00e1neo, sus sofisticados tonos neutros y su gran impacto decorativo, son perfectos para espacios modernos.<\/p>","protected":false},"featured_media":11377,"comment_status":"open","ping_status":"closed","template":"","meta":{"_acf_changed":false},"product_brand":[],"product_cat":[71],"product_tag":[],"class_list":{"0":"post-11247","1":"product","2":"type-product","3":"status-publish","4":"has-post-thumbnail","6":"product_cat-arte","8":"first","9":"instock","10":"taxable","11":"shipping-taxable","12":"purchasable","13":"product-type-simple"},"acf":[],"aioseo_notices":[],"_links":{"self":[{"href":"https:\/\/silenthome.com\/es\/wp-json\/wp\/v2\/product\/11247","targetHints":{"allow":["GET"]}}],"collection":[{"href":"https:\/\/silenthome.com\/es\/wp-json\/wp\/v2\/product"}],"about":[{"href":"https:\/\/silenthome.com\/es\/wp-json\/wp\/v2\/types\/product"}],"replies":[{"embeddable":true,"href":"https:\/\/silenthome.com\/es\/wp-json\/wp\/v2\/comments?post=11247"}],"wp:featuredmedia":[{"embeddable":true,"href":"https:\/\/silenthome.com\/es\/wp-json\/wp\/v2\/media\/11377"}],"wp:attachment":[{"href":"https:\/\/silenthome.com\/es\/wp-json\/wp\/v2\/media?parent=11247"}],"wp:term":[{"taxonomy":"product_brand","embeddable":true,"href":"https:\/\/silenthome.com\/es\/wp-json\/wp\/v2\/product_brand?post=11247"},{"taxonomy":"product_cat","embeddable":true,"href":"https:\/\/silenthome.com\/es\/wp-json\/wp\/v2\/product_cat?post=11247"},{"taxonomy":"product_tag","embeddable":true,"href":"https:\/\/silenthome.com\/es\/wp-json\/wp\/v2\/product_tag?post=11247"}],"curies":[{"name":"wp","href":"https:\/\/api.w.org\/{rel}","templated":true}]}}