{"id":11243,"date":"2026-03-06T19:16:06","date_gmt":"2026-03-06T19:16:06","guid":{"rendered":"https:\/\/silenthome.com\/produto\/knot-noir-quadro-decorativo-preto-em-tecido-e-gesso-83x45x123\/"},"modified":"2026-03-10T14:56:34","modified_gmt":"2026-03-10T14:56:34","slug":"knot-noir-quadro-decorativo-preto-em-tecido-e-gesso-83x45x123","status":"publish","type":"product","link":"https:\/\/silenthome.com\/es\/producto\/knot-noir-quadro-decorativo-preto-em-tecido-e-gesso-83x45x123\/","title":{"rendered":"NUDO NEGRO, MARCO DECORATIVO NEGRO DE TELA Y ESCAYOLA 83X4,5X123"},"content":{"rendered":"","protected":false},"excerpt":{"rendered":"<p>El cuadro Nudo en negro destaca por su textura y composici\u00f3n art\u00edstica, creando una presencia fuerte y sofisticada en la pared. La mezcla de tela y yeso a\u00f1ade dimensi\u00f3n y car\u00e1cter. Con su textura art\u00edstica, elegante contraste y dise\u00f1o contempor\u00e1neo, transforma cualquier espacio en un ambiente m\u00e1s sofisticado.<\/p>","protected":false},"featured_media":11375,"comment_status":"open","ping_status":"closed","template":"","meta":{"_acf_changed":false},"product_brand":[],"product_cat":[71],"product_tag":[],"class_list":{"0":"post-11243","1":"product","2":"type-product","3":"status-publish","4":"has-post-thumbnail","6":"product_cat-arte","8":"first","9":"instock","10":"taxable","11":"shipping-taxable","12":"purchasable","13":"product-type-simple"},"acf":[],"aioseo_notices":[],"_links":{"self":[{"href":"https:\/\/silenthome.com\/es\/wp-json\/wp\/v2\/product\/11243","targetHints":{"allow":["GET"]}}],"collection":[{"href":"https:\/\/silenthome.com\/es\/wp-json\/wp\/v2\/product"}],"about":[{"href":"https:\/\/silenthome.com\/es\/wp-json\/wp\/v2\/types\/product"}],"replies":[{"embeddable":true,"href":"https:\/\/silenthome.com\/es\/wp-json\/wp\/v2\/comments?post=11243"}],"wp:featuredmedia":[{"embeddable":true,"href":"https:\/\/silenthome.com\/es\/wp-json\/wp\/v2\/media\/11375"}],"wp:attachment":[{"href":"https:\/\/silenthome.com\/es\/wp-json\/wp\/v2\/media?parent=11243"}],"wp:term":[{"taxonomy":"product_brand","embeddable":true,"href":"https:\/\/silenthome.com\/es\/wp-json\/wp\/v2\/product_brand?post=11243"},{"taxonomy":"product_cat","embeddable":true,"href":"https:\/\/silenthome.com\/es\/wp-json\/wp\/v2\/product_cat?post=11243"},{"taxonomy":"product_tag","embeddable":true,"href":"https:\/\/silenthome.com\/es\/wp-json\/wp\/v2\/product_tag?post=11243"}],"curies":[{"name":"wp","href":"https:\/\/api.w.org\/{rel}","templated":true}]}}